{"id":1453,"date":"2020-04-30T11:12:41","date_gmt":"2020-04-30T11:12:41","guid":{"rendered":"https:\/\/www.narrestaurant.pl\/?page_id=1453"},"modified":"2025-10-08T12:18:10","modified_gmt":"2025-10-08T10:18:10","slug":"contact","status":"publish","type":"page","link":"https:\/\/www.narrestaurant.pl\/en\/contact\/","title":{"rendered":"Contact"},"content":{"rendered":"<div data-elementor-type=\"wp-page\" data-elementor-id=\"1453\" class=\"elementor elementor-1453\">\n\t\t\t\t\t\t<section class=\"elementor-section elementor-top-section elementor-element elementor-element-6860b92b elementor-section-stretched scheme_default elementor-section-boxed elementor-section-height-default elementor-section-height-default sc_fly_static\" data-id=\"6860b92b\" data-element_type=\"section\" data-e-type=\"section\" data-settings=\"{&quot;stretch_section&quot;:&quot;section-stretched&quot;,&quot;background_background&quot;:&quot;classic&quot;}\">\n\t\t\t\t\t\t<div class=\"elementor-container elementor-column-gap-extended\">\n\t\t\t\t\t<div class=\"elementor-column elementor-col-100 elementor-top-column elementor-element elementor-element-78376e33 sc_inner_width_none sc_content_align_inherit sc_layouts_column_icons_position_left sc_fly_static\" data-id=\"78376e33\" data-element_type=\"column\" data-e-type=\"column\">\n\t\t\t<div class=\"elementor-widget-wrap elementor-element-populated\">\n\t\t\t\t\t\t<section class=\"elementor-section elementor-inner-section elementor-element elementor-element-5f51fba6 elementor-section-boxed elementor-section-height-default elementor-section-height-default sc_fly_static\" data-id=\"5f51fba6\" data-element_type=\"section\" data-e-type=\"section\">\n\t\t\t\t\t\t<div class=\"elementor-container elementor-column-gap-no\">\n\t\t\t\t\t<div class=\"elementor-column elementor-col-100 elementor-inner-column elementor-element elementor-element-eb33518 sc_inner_width_none sc_content_align_inherit sc_layouts_column_icons_position_left sc_fly_static\" data-id=\"eb33518\" data-element_type=\"column\" data-e-type=\"column\">\n\t\t\t<div class=\"elementor-widget-wrap elementor-element-populated\">\n\t\t\t\t\t\t<div class=\"elementor-element elementor-element-5571858 sc_fly_static elementor-widget elementor-widget-trx_sc_title\" data-id=\"5571858\" data-element_type=\"widget\" data-e-type=\"widget\" data-widget_type=\"trx_sc_title.default\">\n\t\t\t\t<div class=\"elementor-widget-container\">\n\t\t\t\t\t<div\t\tclass=\"sc_title color_style_dark sc_title_default\" ><h1 class=\"sc_item_title sc_title_title sc_align_center sc_item_title_style_default sc_item_title_tag\"\n\t\t\t><span class=\"sc_item_title_text\">SKONTAKTUJ SI\u0118 Z NAMI<\/span><\/h1><\/div>\t\t\t\t<\/div>\n\t\t\t\t<\/div>\n\t\t\t\t<div class=\"elementor-element elementor-element-fbf5a8f sc_fly_static elementor-widget elementor-widget-spacer\" data-id=\"fbf5a8f\" data-element_type=\"widget\" data-e-type=\"widget\" data-widget_type=\"spacer.default\">\n\t\t\t\t<div class=\"elementor-widget-container\">\n\t\t\t\t\t\t\t<div class=\"elementor-spacer\">\n\t\t\t<div class=\"elementor-spacer-inner\"><\/div>\n\t\t<\/div>\n\t\t\t\t\t\t<\/div>\n\t\t\t\t<\/div>\n\t\t\t\t<div class=\"elementor-element elementor-element-d1b907f elementor-view-default sc_fly_static elementor-widget elementor-widget-icon\" data-id=\"d1b907f\" data-element_type=\"widget\" data-e-type=\"widget\" data-widget_type=\"icon.default\">\n\t\t\t\t<div class=\"elementor-widget-container\">\n\t\t\t\t\t\t\t<div class=\"elementor-icon-wrapper\">\n\t\t\t<div class=\"elementor-icon\">\n\t\t\t<svg xmlns=\"http:\/\/www.w3.org\/2000\/svg\" width=\"36\" height=\"45\" viewbox=\"0 0 36 45\" fill=\"none\"><path d=\"M35 27.5878L18 44M18 44L0.999998 27.5878M18 44L18 0.999999\" stroke=\"#00240A\" stroke-linecap=\"round\"><\/path><\/svg>\t\t\t<\/div>\n\t\t<\/div>\n\t\t\t\t\t\t<\/div>\n\t\t\t\t<\/div>\n\t\t\t\t<div class=\"elementor-element elementor-element-334e828 sc_fly_static elementor-widget elementor-widget-spacer\" data-id=\"334e828\" data-element_type=\"widget\" data-e-type=\"widget\" data-widget_type=\"spacer.default\">\n\t\t\t\t<div class=\"elementor-widget-container\">\n\t\t\t\t\t\t\t<div class=\"elementor-spacer\">\n\t\t\t<div class=\"elementor-spacer-inner\"><\/div>\n\t\t<\/div>\n\t\t\t\t\t\t<\/div>\n\t\t\t\t<\/div>\n\t\t\t\t<div class=\"elementor-element elementor-element-4ff4ff86 sc_fly_static elementor-widget elementor-widget-trx_sc_icons\" data-id=\"4ff4ff86\" data-element_type=\"widget\" data-e-type=\"widget\" data-widget_type=\"trx_sc_icons.default\">\n\t\t\t\t<div class=\"elementor-widget-container\">\n\t\t\t\t\t<div \tclass=\"sc_icons color_style_link2 sc_icons_default sc_icons_size_large sc_align_center\" ><div class=\"sc_icons_columns_wrap sc_item_columns trx_addons_columns_wrap columns_padding_bottom columns_in_single_row\" ><div class=\"trx_addons_column-1_3\"><div class=\"sc_icons_item\"><div class=\"sc_icons_icon sc_icon_type_svg\" style=\"color: var(--e-global-color-076e757)\" ><svg xmlns=\"http:\/\/www.w3.org\/2000\/svg\" xmlns:xlink=\"http:\/\/www.w3.org\/1999\/xlink\" id=\"Layer_1\" x=\"0px\" y=\"0px\" width=\"170px\" height=\"170px\" viewbox=\"0 0 170 170\" xml:space=\"preserve\"><g>\t<g>\t\t<path fill=\"#A37E2D\" d=\"M85,147.626c-34.532,0-62.627-28.094-62.627-62.626S50.468,22.374,85,22.374S147.627,50.468,147.627,85   S119.532,147.626,85,147.626z M85,23.874c-33.705,0-61.127,27.421-61.127,61.126S51.295,146.126,85,146.126   S146.127,118.705,146.127,85S118.705,23.874,85,23.874z\"><\/path>\t<\/g>\t<g>\t\t<path fill=\"#A37E2D\" d=\"M85,138.753c-29.64,0-53.753-24.113-53.753-53.753c0-29.639,24.113-53.752,53.753-53.752   S138.753,55.361,138.753,85C138.753,114.64,114.64,138.753,85,138.753z M85,32.748c-28.813,0-52.253,23.44-52.253,52.252   c0,28.813,23.44,52.253,52.253,52.253s52.253-23.44,52.253-52.253C137.253,56.188,113.813,32.748,85,32.748z\"><\/path>\t<\/g>\t<g>\t\t<rect x=\"84.47\" y=\"50.501\" fill=\"#A37E2D\" width=\"1.5\" height=\"29.754\"><\/rect>\t<\/g>\t<g>\t\t<rect x=\"50.252\" y=\"84.278\" fill=\"#A37E2D\" width=\"29.754\" height=\"1.5\"><\/rect>\t<\/g>\t<g>\t\t<rect x=\"37.783\" y=\"82.779\" fill=\"#A37E2D\" width=\"4.497\" height=\"4.498\"><\/rect>\t<\/g>\t<g>\t\t<rect x=\"83.058\" y=\"37.506\" fill=\"#A37E2D\" width=\"4.498\" height=\"4.498\"><\/rect>\t<\/g>\t<g>\t\t\t\t\t<rect x=\"116.132\" y=\"112.362\" transform=\"matrix(0.7072 0.707 -0.707 0.7072 115.6898 -50.1388)\" fill=\"#A37E2D\" width=\"4.497\" height=\"4.498\"><\/rect>\t<\/g>\t<g>\t\t\t\t\t<rect x=\"53.821\" y=\"50.052\" transform=\"matrix(0.7072 0.7071 -0.7071 0.7072 53.3993 -24.3288)\" fill=\"#A37E2D\" width=\"4.498\" height=\"4.498\"><\/rect>\t<\/g>\t<g>\t\t\t\t\t<rect x=\"112.626\" y=\"50.053\" transform=\"matrix(0.7071 0.7072 -0.7072 0.7071 70.6378 -65.9136)\" fill=\"#A37E2D\" width=\"4.497\" height=\"4.497\"><\/rect>\t<\/g>\t<g>\t\t\t\t\t<rect x=\"50.047\" y=\"112.632\" transform=\"matrix(0.7071 0.7071 -0.7071 0.7071 96.5495 -3.3304)\" fill=\"#A37E2D\" width=\"4.497\" height=\"4.497\"><\/rect>\t<\/g>\t<g>\t\t<rect x=\"83.058\" y=\"127.996\" fill=\"#A37E2D\" width=\"4.498\" height=\"4.497\"><\/rect>\t<\/g>\t<g>\t\t<rect x=\"127.719\" y=\"82.779\" fill=\"#A37E2D\" width=\"4.498\" height=\"4.498\"><\/rect>\t<\/g>\t<g>\t\t<path fill=\"#A37E2D\" d=\"M85.307,90.938c-0.191,0-0.384-0.073-0.53-0.22l-5.159-5.159c-0.141-0.141-0.22-0.331-0.22-0.53   s0.079-0.39,0.22-0.53l5.16-5.159c0.293-0.293,0.768-0.293,1.061,0l5.159,5.159c0.141,0.141,0.22,0.331,0.22,0.53   s-0.079,0.39-0.22,0.53l-5.16,5.159C85.69,90.864,85.499,90.938,85.307,90.938z M81.208,85.028l4.099,4.099l4.1-4.099   l-4.099-4.099L81.208,85.028z\"><\/path>\t<\/g><\/g><\/svg><\/div><div class=\"sc_icons_item_details\"><h4 class=\"sc_icons_item_title\" style=\"color:var(--e-global-color-text);\"><span>Godziny otwarcia<\/span><\/h4><div class=\"sc_icons_item_description\" style=\"color:var(--e-global-color-text);\"><span>Pon - Czw: 12:00 \u2013 23:00<\/span><span>Pi\u0105tek - Sobota\u00a0-\u00a0Niedziela: 12:00 \u2013 24:00<\/span><\/div><\/div><\/div><\/div><div class=\"trx_addons_column-1_3\"><div class=\"sc_icons_item with_more\"><div class=\"sc_icons_icon sc_icon_type_svg\" style=\"color: var(--e-global-color-076e757)\" ><svg xmlns=\"http:\/\/www.w3.org\/2000\/svg\" xmlns:xlink=\"http:\/\/www.w3.org\/1999\/xlink\" id=\"Layer_1\" x=\"0px\" y=\"0px\" width=\"170px\" height=\"170px\" viewbox=\"0 0 170 170\" xml:space=\"preserve\"><g>\t<path fill=\"#A37E2D\" d=\"M85,131.194c-0.188,0-0.376-0.07-0.521-0.211c-0.365-0.353-36.501-35.812-36.501-76.298  c0-21.327,16.608-38.677,37.022-38.677s37.022,17.35,37.022,38.677c0,40.486-36.136,75.945-36.501,76.298  C85.376,131.124,85.188,131.194,85,131.194z M85,17.508c-19.587,0-35.522,16.677-35.522,37.177  c0,37.201,31.085,70.183,35.522,74.698c4.437-4.517,35.522-37.51,35.522-74.698C120.522,34.185,104.587,17.508,85,17.508z\"><\/path><\/g><g>\t<path fill=\"#A37E2D\" d=\"M85,74.819c-11.256,0-20.413-9.158-20.413-20.414S73.744,33.992,85,33.992s20.413,9.158,20.413,20.414  S96.256,74.819,85,74.819z M85,35.492c-10.429,0-18.913,8.484-18.913,18.914S74.571,73.319,85,73.319s18.913-8.484,18.913-18.914  S95.429,35.492,85,35.492z\"><\/path><\/g><g>\t<path fill=\"#A37E2D\" d=\"M85,146.607c-23.194,0-41.362-6.039-41.362-13.749c0-5.279,8.276-9.844,22.137-12.213  c0.407-0.07,0.796,0.204,0.866,0.613c0.07,0.408-0.205,0.796-0.613,0.866c-12.69,2.168-20.89,6.382-20.89,10.734  c0,6.639,18.255,12.249,39.862,12.249s39.862-5.609,39.862-12.249c0-4.429-8.402-8.676-21.404-10.82  c-0.409-0.067-0.686-0.454-0.618-0.862c0.068-0.408,0.453-0.683,0.862-0.618c14.189,2.34,22.66,6.938,22.66,12.3  C126.362,140.568,108.194,146.607,85,146.607z\"><\/path><\/g><\/svg><\/div><div class=\"sc_icons_item_details\"><h4 class=\"sc_icons_item_title\" style=\"color:var(--e-global-color-text);\"><span>Adres<\/span><\/h4><div class=\"sc_icons_item_description\" style=\"color:var(--e-global-color-text);\"><span>\u017burawia 47\/49, 00-514 Warszawa<br><br><\/span><\/div><\/div><\/div><\/div><div class=\"trx_addons_column-1_3\"><div class=\"sc_icons_item with_more\"><div class=\"sc_icons_icon sc_icon_type_svg\" style=\"color: var(--e-global-color-076e757)\" ><svg xmlns=\"http:\/\/www.w3.org\/2000\/svg\" xmlns:xlink=\"http:\/\/www.w3.org\/1999\/xlink\" id=\"Layer_1\" x=\"0px\" y=\"0px\" width=\"170px\" height=\"170px\" viewbox=\"0 0 170 170\" xml:space=\"preserve\"><g>\t<g>\t\t<path fill=\"#A37E2D\" d=\"M54.99,129.525h-5.234c-3.3,0-5.886-1.702-5.886-3.875V85.104c0-2.173,2.585-3.875,5.886-3.875h5.234   c3.3,0,5.886,1.702,5.886,3.875v40.546C60.876,127.823,58.291,129.525,54.99,129.525z M49.756,82.729   c-2.584,0-4.386,1.251-4.386,2.375v40.546c0,1.124,1.801,2.375,4.386,2.375h5.234c2.584,0,4.386-1.251,4.386-2.375V85.104   c0-1.124-1.801-2.375-4.386-2.375H49.756z\"><\/path>\t<\/g>\t<g>\t\t<path fill=\"#A37E2D\" d=\"M120.234,129.525H115c-3.3,0-5.886-1.702-5.886-3.875V85.104c0-2.173,2.585-3.875,5.886-3.875h5.234   c3.301,0,5.887,1.702,5.887,3.875v40.546C126.121,127.823,123.535,129.525,120.234,129.525z M115,82.729   c-2.584,0-4.386,1.251-4.386,2.375v40.546c0,1.124,1.801,2.375,4.386,2.375h5.234c2.585,0,4.387-1.251,4.387-2.375V85.104   c0-1.124-1.802-2.375-4.387-2.375H115z\"><\/path>\t<\/g>\t<g>\t\t<path fill=\"#A37E2D\" d=\"M38.959,128.201c-0.09,0-0.181-0.016-0.268-0.049c-8.415-3.213-14.068-12.365-14.068-22.775   c0-10.409,5.654-19.561,14.068-22.774c0.23-0.089,0.49-0.057,0.693,0.083c0.203,0.14,0.325,0.371,0.325,0.618v44.147   c0,0.247-0.122,0.478-0.325,0.618C39.257,128.156,39.109,128.201,38.959,128.201z M38.209,84.431   c-7.272,3.323-12.086,11.585-12.086,20.946c0,9.361,4.814,17.624,12.086,20.947V84.431z\"><\/path>\t<\/g>\t<g>\t\t<path fill=\"#A37E2D\" d=\"M131.979,78.074h-1.5V64.299c0-25.077-20.401-45.479-45.479-45.479c-25.078,0-45.479,20.401-45.479,45.479   v13.775h-1.5V64.299C38.021,38.395,59.095,17.32,85,17.32c25.904,0,46.979,21.075,46.979,46.979V78.074z\"><\/path>\t<\/g>\t<g>\t\t<path fill=\"#A37E2D\" d=\"M121.412,78.073h-1.5V64.3c0-19.251-15.662-34.913-34.912-34.913S50.088,45.049,50.088,64.3v13.773h-1.5   V64.3c0-20.078,16.334-36.413,36.412-36.413s36.412,16.335,36.412,36.413V78.073z\"><\/path>\t<\/g>\t<g>\t\t<path fill=\"#A37E2D\" d=\"M131.041,128.201c-0.149,0-0.299-0.045-0.426-0.132c-0.203-0.14-0.324-0.371-0.324-0.618V83.304   c0-0.247,0.121-0.478,0.324-0.618c0.203-0.14,0.462-0.171,0.693-0.083c8.415,3.213,14.068,12.365,14.068,22.774   c0,10.41-5.653,19.562-14.068,22.775C131.222,128.185,131.131,128.201,131.041,128.201z M131.791,84.431v41.894   c7.272-3.323,12.086-11.586,12.086-20.947C143.877,96.016,139.063,87.754,131.791,84.431z\"><\/path>\t<\/g>\t<g>\t\t<path fill=\"#A37E2D\" d=\"M110.37,152.68H81.878v-1.5h28.492c7.858,0,14.251-6.393,14.251-14.25v-16.333h1.5v16.333   C126.121,145.614,119.056,152.68,110.37,152.68z\"><\/path>\t<\/g>\t<g>\t\t<path fill=\"#A37E2D\" d=\"M91.422,152.68h-8.313c-3.623,0-6.569-2.947-6.569-6.568c0-3.623,2.947-6.569,6.569-6.569h8.313   c3.623,0,6.569,2.947,6.569,6.569C97.991,149.733,95.044,152.68,91.422,152.68z M83.108,141.042c-2.795,0-5.069,2.274-5.069,5.069   c0,2.795,2.274,5.068,5.069,5.068h8.313c2.795,0,5.069-2.273,5.069-5.068c0-2.795-2.274-5.069-5.069-5.069H83.108z\"><\/path>\t<\/g><\/g><\/svg><\/div><div class=\"sc_icons_item_details\"><h4 class=\"sc_icons_item_title\" style=\"color:var(--e-global-color-text);\"><span>Skontaktuj si\u0119<\/span><\/h4><div class=\"sc_icons_item_description\" style=\"color:var(--e-global-color-text);\"><span><\/span><span><\/span><span>Biznes \/ Eventy \/ Przyj\u0119cia <\/span><span><\/span><span>Telefon: <a href=\"tel: 48 451 012 922\">+48 451 012 922<\/a><\/span><span><ahref=\"mailto:kontakt@narrestaurant.pl\">kontakt@narrestaurant.pl <\/a><\/span><span><\/span><span><\/span><\/div><\/div><\/div><\/div><\/div><\/div><!-- \/.sc_icons -->\t\t\t\t<\/div>\n\t\t\t\t<\/div>\n\t\t\t\t\t<\/div>\n\t\t<\/div>\n\t\t\t\t\t<\/div>\n\t\t<\/section>\n\t\t\t\t\t<\/div>\n\t\t<\/div>\n\t\t\t\t\t<\/div>\n\t\t<\/section>\n\t\t\t\t<section class=\"elementor-section elementor-top-section elementor-element elementor-element-54344b8b elementor-section-stretched elementor-section-full_width elementor-section-content-middle elementor-section-height-default elementor-section-height-default sc_fly_static\" data-id=\"54344b8b\" data-element_type=\"section\" data-e-type=\"section\" data-settings=\"{&quot;stretch_section&quot;:&quot;section-stretched&quot;,&quot;background_background&quot;:&quot;classic&quot;}\">\n\t\t\t\t\t\t<div class=\"elementor-container elementor-column-gap-no\">\n\t\t\t\t\t<div class=\"elementor-column elementor-col-50 elementor-top-column elementor-element elementor-element-15355f73 sc_inner_width_none sc_content_align_inherit sc_layouts_column_icons_position_left sc_fly_static\" data-id=\"15355f73\" data-element_type=\"column\" data-e-type=\"column\">\n\t\t\t<div class=\"elementor-widget-wrap elementor-element-populated\">\n\t\t\t\t\t\t<div class=\"elementor-element elementor-element-c446d26 sc_fly_static elementor-widget elementor-widget-trx_sc_anchor\" data-id=\"c446d26\" data-element_type=\"widget\" data-e-type=\"widget\" data-widget_type=\"trx_sc_anchor.default\">\n\t\t\t\t<div class=\"elementor-widget-container\">\n\t\t\t\t\t<a id=\"sc_anchor_Cform\"\ttitle=\"\"  class=\"sc_anchor sc_anchor_default\" data-vc-icon=\"\" data-url=\"\" ><\/a>\t\t\t\t<\/div>\n\t\t\t\t<\/div>\n\t\t\t\t<div class=\"elementor-element elementor-element-3f37b39 sc_fly_static elementor-widget elementor-widget-google_maps\" data-id=\"3f37b39\" data-element_type=\"widget\" data-e-type=\"widget\" data-widget_type=\"google_maps.default\">\n\t\t\t\t<div class=\"elementor-widget-container\">\n\t\t\t\t\t\t\t<div class=\"elementor-custom-embed\">\n\t\t\t<iframe loading=\"lazy\"\n\t\t\t\t\tsrc=\"https:\/\/www.google.com\/maps\/embed\/v1\/place?key=AIzaSyDl6Yx0fywj_C-l2LpGC-RmXG-hYWR2yXU&#038;q=%C5%BBurawia%2047%2F49%20Warsaw%20Poland&#038;zoom=16\"\n\t\t\t\t\ttitle=\"\u017burawia 47\/49 Warsaw Poland\"\n\t\t\t\t\taria-label=\"\u017burawia 47\/49 Warsaw Poland\"\n\t\t\t><\/iframe>\n\t\t<\/div>\n\t\t\t\t\t\t<\/div>\n\t\t\t\t<\/div>\n\t\t\t\t\t<\/div>\n\t\t<\/div>\n\t\t\t\t<div class=\"elementor-column elementor-col-50 elementor-top-column elementor-element elementor-element-34e146c2 sc_inner_width_none sc_content_align_inherit sc_layouts_column_icons_position_left sc_fly_static\" data-id=\"34e146c2\" data-element_type=\"column\" data-e-type=\"column\" data-settings=\"{&quot;background_background&quot;:&quot;classic&quot;}\">\n\t\t\t<div class=\"elementor-widget-wrap elementor-element-populated\">\n\t\t\t\t\t\t<div class=\"elementor-element elementor-element-dc0b60a sc_height_small sc_layouts_hide_on_notebook sc_layouts_hide_on_tablet sc_layouts_hide_on_mobile sc_fly_static elementor-widget elementor-widget-spacer\" data-id=\"dc0b60a\" data-element_type=\"widget\" data-e-type=\"widget\" data-widget_type=\"spacer.default\">\n\t\t\t\t<div class=\"elementor-widget-container\">\n\t\t\t\t\t\t\t<div class=\"elementor-spacer\">\n\t\t\t<div class=\"elementor-spacer-inner\"><\/div>\n\t\t<\/div>\n\t\t\t\t\t\t<\/div>\n\t\t\t\t<\/div>\n\t\t\t\t<div class=\"elementor-element elementor-element-74abb286 sc_height_huge sc_layouts_hide_on_wide sc_layouts_hide_on_desktop sc_fly_static elementor-widget elementor-widget-spacer\" data-id=\"74abb286\" data-element_type=\"widget\" data-e-type=\"widget\" data-widget_type=\"spacer.default\">\n\t\t\t\t<div class=\"elementor-widget-container\">\n\t\t\t\t\t\t\t<div class=\"elementor-spacer\">\n\t\t\t<div class=\"elementor-spacer-inner\"><\/div>\n\t\t<\/div>\n\t\t\t\t\t\t<\/div>\n\t\t\t\t<\/div>\n\t\t\t\t<div class=\"elementor-element elementor-element-329f55b9 sc_fly_static elementor-widget elementor-widget-trx_sc_title\" data-id=\"329f55b9\" data-element_type=\"widget\" data-e-type=\"widget\" data-widget_type=\"trx_sc_title.default\">\n\t\t\t\t<div class=\"elementor-widget-container\">\n\t\t\t\t\t<div\t\tclass=\"sc_title color_style_dark sc_title_default\" ><h2 class=\"sc_item_title sc_title_title sc_item_title_style_default trx_addons_inline_819699066\"\n\t\t\t><span class=\"sc_item_title_text\">MASZ PYTANIA? <br> NAPISZ DO NAS!<\/span><\/h2><\/div>\t\t\t\t<\/div>\n\t\t\t\t<\/div>\n\t\t\t\t<div class=\"elementor-element elementor-element-2fd3f870 sc_fly_static elementor-widget elementor-widget-spacer\" data-id=\"2fd3f870\" data-element_type=\"widget\" data-e-type=\"widget\" data-widget_type=\"spacer.default\">\n\t\t\t\t<div class=\"elementor-widget-container\">\n\t\t\t\t\t\t\t<div class=\"elementor-spacer\">\n\t\t\t<div class=\"elementor-spacer-inner\"><\/div>\n\t\t<\/div>\n\t\t\t\t\t\t<\/div>\n\t\t\t\t<\/div>\n\t\t\t\t<div class=\"elementor-element elementor-element-4452e9ba sc_fly_static elementor-widget elementor-widget-trx_sc_contact_form_7\" data-id=\"4452e9ba\" data-element_type=\"widget\" data-e-type=\"widget\" data-widget_type=\"trx_sc_contact_form_7.default\">\n\t\t\t\t<div class=\"elementor-widget-container\">\n\t\t\t\t\t\n<div class=\"wpcf7 no-js\" id=\"wpcf7-f1266-o1\" lang=\"en-US\" dir=\"ltr\">\n<div class=\"screen-reader-response\"><p role=\"status\" aria-live=\"polite\" aria-atomic=\"true\"><\/p> <ul><\/ul><\/div>\n<form action=\"\/en\/wp-json\/wp\/v2\/pages\/1453#wpcf7-f1266-o1\" method=\"post\" class=\"wpcf7-form init\" aria-label=\"Contact form\" novalidate=\"novalidate\" data-status=\"init\" data-trp-original-action=\"\/en\/wp-json\/wp\/v2\/pages\/1453#wpcf7-f1266-o1\">\n<div style=\"display: none;\">\n<input type=\"hidden\" name=\"_wpcf7\" value=\"1266\" \/>\n<input type=\"hidden\" name=\"_wpcf7_version\" value=\"5.8.1\" \/>\n<input type=\"hidden\" name=\"_wpcf7_locale\" value=\"en_US\" \/>\n<input type=\"hidden\" name=\"_wpcf7_unit_tag\" value=\"wpcf7-f1266-o1\" \/>\n<input type=\"hidden\" name=\"_wpcf7_container_post\" value=\"0\" \/>\n<input type=\"hidden\" name=\"_wpcf7_posted_data_hash\" value=\"\" \/>\n<\/div>\n<div class=\"form-style-2\">\n\t<div class=\"columns_wrap\">\n\t\t<div class=\"column-1_2\">\n\t\t\t<p><span class=\"style-line\"><span class=\"wpcf7-form-control-wrap\" data-name=\"your-name\"><input size=\"40\" class=\"wpcf7-form-control wpcf7-text wpcf7-validates-as-required\" aria-required=\"true\" aria-invalid=\"false\" placeholder=\"Imi\u0119\" value=\"\" type=\"text\" name=\"your-name\" \/><\/span><\/span>\n\t\t\t<\/p>\n\t\t<\/div>\n\t\t<div class=\"column-1_2\">\n\t\t\t<p><span class=\"style-line\"><span class=\"wpcf7-form-control-wrap\" data-name=\"your-last-name\"><input size=\"40\" class=\"wpcf7-form-control wpcf7-text wpcf7-validates-as-required\" aria-required=\"true\" aria-invalid=\"false\" placeholder=\"Nazwisko\" value=\"\" type=\"text\" name=\"your-last-name\" \/><\/span><\/span>\n\t\t\t<\/p>\n\t\t<\/div>\n\t<\/div>\n\t<div class=\"columns_wrap\">\n\t\t<div class=\"column-1_2\">\n\t\t\t<p><span class=\"style-line\"><span class=\"wpcf7-form-control-wrap\" data-name=\"your-email\"><input size=\"40\" class=\"wpcf7-form-control wpcf7-email wpcf7-validates-as-required wpcf7-text wpcf7-validates-as-email\" aria-required=\"true\" aria-invalid=\"false\" placeholder=\"Email\" value=\"\" type=\"email\" name=\"your-email\" \/><\/span><\/span>\n\t\t\t<\/p>\n\t\t<\/div>\n\t\t<div class=\"column-1_2\">\n\t\t\t<p><span class=\"style-line\"><span class=\"wpcf7-form-control-wrap\" data-name=\"phone\"><input size=\"40\" class=\"wpcf7-form-control wpcf7-tel wpcf7-validates-as-required wpcf7-text wpcf7-validates-as-tel\" aria-required=\"true\" aria-invalid=\"false\" placeholder=\"Telefon\" value=\"\" type=\"tel\" name=\"phone\" \/><\/span><\/span>\n\t\t\t<\/p>\n\t\t<\/div>\n\t<\/div>\n\t<div class=\"columns_wrap margin-bottom\">\n\t\t<div class=\"column-1_1\">\n\t\t\t<p><span class=\"style-line\"><span class=\"wpcf7-form-control-wrap\" data-name=\"your-message\"><textarea cols=\"40\" rows=\"10\" class=\"wpcf7-form-control wpcf7-textarea wpcf7-validates-as-required\" aria-required=\"true\" aria-invalid=\"false\" placeholder=\"Wiadomo\u015b\u0107\" name=\"your-message\"><\/textarea><\/span><\/span>\n\t\t\t<\/p>\n\t\t<\/div>\n\t<\/div>\n\t<p><input class=\"wpcf7-form-control wpcf7-submit has-spinner\" type=\"submit\" value=\"Wy\u015blij\" \/>\n\t<\/p>\n<\/div><input type='hidden' class='wpcf7-pum' value='{\"closepopup\":false,\"closedelay\":0,\"openpopup\":false,\"openpopup_id\":0}' \/><div class=\"wpcf7-response-output\" aria-hidden=\"true\"><\/div>\n<input type=\"hidden\" name=\"trp-form-language\" value=\"en\"\/><\/form>\n<\/div>\n\t\t\t\t<\/div>\n\t\t\t\t<\/div>\n\t\t\t\t<div class=\"elementor-element elementor-element-38a253c1 sc_height_small sc_layouts_hide_on_notebook sc_layouts_hide_on_tablet sc_layouts_hide_on_mobile sc_fly_static elementor-widget elementor-widget-spacer\" data-id=\"38a253c1\" data-element_type=\"widget\" data-e-type=\"widget\" data-widget_type=\"spacer.default\">\n\t\t\t\t<div class=\"elementor-widget-container\">\n\t\t\t\t\t\t\t<div class=\"elementor-spacer\">\n\t\t\t<div class=\"elementor-spacer-inner\"><\/div>\n\t\t<\/div>\n\t\t\t\t\t\t<\/div>\n\t\t\t\t<\/div>\n\t\t\t\t<div class=\"elementor-element elementor-element-2bf7751b sc_height_huge sc_layouts_hide_on_wide sc_layouts_hide_on_desktop sc_fly_static elementor-widget elementor-widget-spacer\" data-id=\"2bf7751b\" data-element_type=\"widget\" data-e-type=\"widget\" data-widget_type=\"spacer.default\">\n\t\t\t\t<div class=\"elementor-widget-container\">\n\t\t\t\t\t\t\t<div class=\"elementor-spacer\">\n\t\t\t<div class=\"elementor-spacer-inner\"><\/div>\n\t\t<\/div>\n\t\t\t\t\t\t<\/div>\n\t\t\t\t<\/div>\n\t\t\t\t\t<\/div>\n\t\t<\/div>\n\t\t\t\t\t<\/div>\n\t\t<\/section>\n\t\t\t\t<section class=\"elementor-section elementor-top-section elementor-element elementor-element-78b6dc4 elementor-section-boxed elementor-section-height-default elementor-section-height-default sc_fly_static\" data-id=\"78b6dc4\" data-element_type=\"section\" data-e-type=\"section\">\n\t\t\t\t\t\t<div class=\"elementor-container elementor-column-gap-extended\">\n\t\t\t\t\t<div class=\"elementor-column elementor-col-100 elementor-top-column elementor-element elementor-element-a8d65f4 sc_inner_width_none sc_content_align_inherit sc_layouts_column_icons_position_left sc_fly_static\" data-id=\"a8d65f4\" data-element_type=\"column\" data-e-type=\"column\">\n\t\t\t<div class=\"elementor-widget-wrap elementor-element-populated\">\n\t\t\t\t\t\t<div class=\"elementor-element elementor-element-bd45e3a sc_fly_static elementor-widget elementor-widget-html\" data-id=\"bd45e3a\" data-element_type=\"widget\" data-e-type=\"widget\" data-widget_type=\"html.default\">\n\t\t\t\t<div class=\"elementor-widget-container\">\n\t\t\t\t\t<!-- Event snippet for Sayfa g\u00f6r\u00fcnt\u00fcleme conversion page --> <script> gtag('event', 'conversion', {'send_to': 'AW-11200330135\/Qla7CLy4-qYbEJfz3dwp'}); <\/script> \t\t\t\t<\/div>\n\t\t\t\t<\/div>\n\t\t\t\t\t<\/div>\n\t\t<\/div>\n\t\t\t\t\t<\/div>\n\t\t<\/section>\n\t\t\t\t<\/div>","protected":false},"excerpt":{"rendered":"<p>SKONTAKTUJ SI\u0118 Z NAMI Godziny otwarcia Pon &#8211; Czw: 12:00 \u2013 23:00Pi\u0105tek &#8211; Sobota\u00a0&#8211;\u00a0Niedziela: 12:00 \u2013 24:00 Adres \u017burawia 47\/49, 00-514 Warszawa Skontaktuj si\u0119 Biznes \/ Eventy \/ Przyj\u0119cia Telefon:&hellip;<\/p>","protected":false},"author":8,"featured_media":0,"parent":0,"menu_order":0,"comment_status":"closed","ping_status":"closed","template":"","meta":{"footnotes":""},"class_list":["post-1453","page","type-page","status-publish","hentry"],"_links":{"self":[{"href":"https:\/\/www.narrestaurant.pl\/en\/wp-json\/wp\/v2\/pages\/1453","targetHints":{"allow":["GET"]}}],"collection":[{"href":"https:\/\/www.narrestaurant.pl\/en\/wp-json\/wp\/v2\/pages"}],"about":[{"href":"https:\/\/www.narrestaurant.pl\/en\/wp-json\/wp\/v2\/types\/page"}],"author":[{"embeddable":true,"href":"https:\/\/www.narrestaurant.pl\/en\/wp-json\/wp\/v2\/users\/8"}],"replies":[{"embeddable":true,"href":"https:\/\/www.narrestaurant.pl\/en\/wp-json\/wp\/v2\/comments?post=1453"}],"version-history":[{"count":166,"href":"https:\/\/www.narrestaurant.pl\/en\/wp-json\/wp\/v2\/pages\/1453\/revisions"}],"predecessor-version":[{"id":23071,"href":"https:\/\/www.narrestaurant.pl\/en\/wp-json\/wp\/v2\/pages\/1453\/revisions\/23071"}],"wp:attachment":[{"href":"https:\/\/www.narrestaurant.pl\/en\/wp-json\/wp\/v2\/media?parent=1453"}],"curies":[{"name":"wp","href":"https:\/\/api.w.org\/{rel}","templated":true}]}}