{"id":18618,"date":"2023-09-08T16:40:29","date_gmt":"2023-09-08T14:40:29","guid":{"rendered":"https:\/\/www.narrestaurant.pl\/?post_type=product&#038;p=18618"},"modified":"2025-12-29T11:45:54","modified_gmt":"2025-12-29T09:45:54","slug":"ali-nazik","status":"publish","type":"product","link":"https:\/\/www.narrestaurant.pl\/en\/product\/ali-nazik\/","title":{"rendered":"Ali Nazik"},"content":{"rendered":"<p>Grillowane kawa\u0142ki antrykotu na pur\u00e9e z w\u0119dzonego bak\u0142a\u017cana i jogurtem czosnkowym, polane sosem pomidorowym, podawane z pit\u0105.<\/p>","protected":false},"excerpt":{"rendered":"<p>Grillowane kawa\u0142ki antrykotu na pur\u00e9e z w\u0119dzonego bak\u0142a\u017cana i jogurtem czosnkowym, polane sosem pomidorowym, podawane z pit\u0105.<\/p>","protected":false},"featured_media":23343,"template":"","meta":[],"product_cat":[221],"product_tag":[],"class_list":["post-18618","product","type-product","status-publish","has-post-thumbnail","hentry","product_cat-dania-z-grilla"],"_links":{"self":[{"href":"https:\/\/www.narrestaurant.pl\/en\/wp-json\/wp\/v2\/product\/18618","targetHints":{"allow":["GET"]}}],"collection":[{"href":"https:\/\/www.narrestaurant.pl\/en\/wp-json\/wp\/v2\/product"}],"about":[{"href":"https:\/\/www.narrestaurant.pl\/en\/wp-json\/wp\/v2\/types\/product"}],"wp:featuredmedia":[{"embeddable":true,"href":"https:\/\/www.narrestaurant.pl\/en\/wp-json\/wp\/v2\/media\/23343"}],"wp:attachment":[{"href":"https:\/\/www.narrestaurant.pl\/en\/wp-json\/wp\/v2\/media?parent=18618"}],"wp:term":[{"taxonomy":"product_cat","embeddable":true,"href":"https:\/\/www.narrestaurant.pl\/en\/wp-json\/wp\/v2\/product_cat?post=18618"},{"taxonomy":"product_tag","embeddable":true,"href":"https:\/\/www.narrestaurant.pl\/en\/wp-json\/wp\/v2\/product_tag?post=18618"}],"curies":[{"name":"wp","href":"https:\/\/api.w.org\/{rel}","templated":true}]}}