{"id":21590,"date":"2023-09-05T21:57:26","date_gmt":"2023-09-05T19:57:26","guid":{"rendered":"https:\/\/www.narrestaurant.pl\/?post_type=product&#038;p=21590"},"modified":"2025-12-29T11:44:11","modified_gmt":"2025-12-29T09:44:11","slug":"adana-kebab","status":"publish","type":"product","link":"https:\/\/www.narrestaurant.pl\/en\/product\/adana-kebab\/","title":{"rendered":"Adana Kebab"},"content":{"rendered":"<p>Adana to pikantne danie tureckie z mielonego mi\u0119sa wo\u0142owego lub jagni\u0119cego, wymieszanego z cebul\u0105, papryk\u0105 i r\u00f3\u017cnymi przyprawami. Mieszanka ta jest nast\u0119pnie formowana w pod\u0142u\u017cne kszta\u0142ty podobne do kie\u0142basek i grillowana do uzyskania chrupi\u0105cej sk\u00f3rki na zewn\u0105trz i soczystego mi\u0119sa wewn\u0105trz. Danie zawiera nabia\u0142 i gluten.<\/p>","protected":false},"excerpt":{"rendered":"<p>Pikantna mielona wo\u0142owina na szpikulcu.<\/p>","protected":false},"featured_media":23342,"template":"","meta":[],"product_cat":[221],"product_tag":[],"class_list":["post-21590","product","type-product","status-publish","has-post-thumbnail","hentry","product_cat-dania-z-grilla"],"_links":{"self":[{"href":"https:\/\/www.narrestaurant.pl\/en\/wp-json\/wp\/v2\/product\/21590","targetHints":{"allow":["GET"]}}],"collection":[{"href":"https:\/\/www.narrestaurant.pl\/en\/wp-json\/wp\/v2\/product"}],"about":[{"href":"https:\/\/www.narrestaurant.pl\/en\/wp-json\/wp\/v2\/types\/product"}],"wp:featuredmedia":[{"embeddable":true,"href":"https:\/\/www.narrestaurant.pl\/en\/wp-json\/wp\/v2\/media\/23342"}],"wp:attachment":[{"href":"https:\/\/www.narrestaurant.pl\/en\/wp-json\/wp\/v2\/media?parent=21590"}],"wp:term":[{"taxonomy":"product_cat","embeddable":true,"href":"https:\/\/www.narrestaurant.pl\/en\/wp-json\/wp\/v2\/product_cat?post=21590"},{"taxonomy":"product_tag","embeddable":true,"href":"https:\/\/www.narrestaurant.pl\/en\/wp-json\/wp\/v2\/product_tag?post=21590"}],"curies":[{"name":"wp","href":"https:\/\/api.w.org\/{rel}","templated":true}]}}