{"id":21591,"date":"2023-09-04T21:58:25","date_gmt":"2023-09-04T19:58:25","guid":{"rendered":"https:\/\/www.narrestaurant.pl\/?post_type=product&#038;p=21591"},"modified":"2025-09-01T14:23:46","modified_gmt":"2025-09-01T12:23:46","slug":"urfa-kebap","status":"publish","type":"product","link":"https:\/\/www.narrestaurant.pl\/en\/product\/urfa-kebap\/","title":{"rendered":"Urfa Kebap"},"content":{"rendered":"<p>Urfa to danie z \u0142agodnie przyprawionego mielonego mi\u0119sa wo\u0142owego, formowanego w d\u0142ugie cylindry i idealnie grillowanego. Produkt zawiera nabia\u0142 i gluten.<\/p>","protected":false},"excerpt":{"rendered":"<p>Mielona wo\u0142owina na szpikulcu.<\/p>","protected":false},"featured_media":23042,"template":"","meta":[],"product_cat":[221],"product_tag":[],"class_list":["post-21591","product","type-product","status-publish","has-post-thumbnail","hentry","product_cat-dania-z-grilla"],"_links":{"self":[{"href":"https:\/\/www.narrestaurant.pl\/en\/wp-json\/wp\/v2\/product\/21591","targetHints":{"allow":["GET"]}}],"collection":[{"href":"https:\/\/www.narrestaurant.pl\/en\/wp-json\/wp\/v2\/product"}],"about":[{"href":"https:\/\/www.narrestaurant.pl\/en\/wp-json\/wp\/v2\/types\/product"}],"wp:featuredmedia":[{"embeddable":true,"href":"https:\/\/www.narrestaurant.pl\/en\/wp-json\/wp\/v2\/media\/23042"}],"wp:attachment":[{"href":"https:\/\/www.narrestaurant.pl\/en\/wp-json\/wp\/v2\/media?parent=21591"}],"wp:term":[{"taxonomy":"product_cat","embeddable":true,"href":"https:\/\/www.narrestaurant.pl\/en\/wp-json\/wp\/v2\/product_cat?post=21591"},{"taxonomy":"product_tag","embeddable":true,"href":"https:\/\/www.narrestaurant.pl\/en\/wp-json\/wp\/v2\/product_tag?post=21591"}],"curies":[{"name":"wp","href":"https:\/\/api.w.org\/{rel}","templated":true}]}}