{"id":21593,"date":"2023-09-09T22:01:46","date_gmt":"2023-09-09T20:01:46","guid":{"rendered":"https:\/\/www.narrestaurant.pl\/?post_type=product&#038;p=21593"},"modified":"2025-08-29T16:03:52","modified_gmt":"2025-08-29T14:03:52","slug":"kuzu-pirzola","status":"publish","type":"product","link":"https:\/\/www.narrestaurant.pl\/en\/product\/kuzu-pirzola\/","title":{"rendered":"Kuzu pirzola"},"content":{"rendered":"<p>Kuzu \u015fi\u015f to wy\u015bmienity jagni\u0119cy szasz\u0142yk grillowany na perfekcyjnie, podawany z ry\u017cem i warzywami. To tradycyjne tureckie danie jest idealne dla mi\u0142o\u015bnik\u00f3w delikatnego i aromatycznego mi\u0119sa.<\/p>","protected":false},"excerpt":{"rendered":"<p>Grillowane kotlety jagni\u0119ce.<\/p>","protected":false},"featured_media":0,"template":"","meta":[],"product_cat":[221],"product_tag":[],"class_list":["post-21593","product","type-product","status-publish","hentry","product_cat-dania-z-grilla"],"_links":{"self":[{"href":"https:\/\/www.narrestaurant.pl\/en\/wp-json\/wp\/v2\/product\/21593","targetHints":{"allow":["GET"]}}],"collection":[{"href":"https:\/\/www.narrestaurant.pl\/en\/wp-json\/wp\/v2\/product"}],"about":[{"href":"https:\/\/www.narrestaurant.pl\/en\/wp-json\/wp\/v2\/types\/product"}],"wp:attachment":[{"href":"https:\/\/www.narrestaurant.pl\/en\/wp-json\/wp\/v2\/media?parent=21593"}],"wp:term":[{"taxonomy":"product_cat","embeddable":true,"href":"https:\/\/www.narrestaurant.pl\/en\/wp-json\/wp\/v2\/product_cat?post=21593"},{"taxonomy":"product_tag","embeddable":true,"href":"https:\/\/www.narrestaurant.pl\/en\/wp-json\/wp\/v2\/product_tag?post=21593"}],"curies":[{"name":"wp","href":"https:\/\/api.w.org\/{rel}","templated":true}]}}