{"id":21594,"date":"2023-09-06T22:03:00","date_gmt":"2023-09-06T20:03:00","guid":{"rendered":"https:\/\/www.narrestaurant.pl\/?post_type=product&#038;p=21594"},"modified":"2025-12-29T11:47:27","modified_gmt":"2025-12-29T09:47:27","slug":"antrikot-sis","status":"publish","type":"product","link":"https:\/\/www.narrestaurant.pl\/en\/product\/antrikot-sis\/","title":{"rendered":"Antrikot \u015ei\u015f"},"content":{"rendered":"<p>Antrykot \u015fi\u015f to pyszny szasz\u0142yk z antrykotu wo\u0142owego. Danie to jest idealne dla mi\u0142o\u015bnik\u00f3w wo\u0142owiny i aromatycznych przypraw.<\/p>","protected":false},"excerpt":{"rendered":"<p>Kawa\u0142ki antrykotu wo\u0142owego na szpikulcu.<\/p>","protected":false},"featured_media":23344,"template":"","meta":[],"product_cat":[221],"product_tag":[],"class_list":["post-21594","product","type-product","status-publish","has-post-thumbnail","hentry","product_cat-dania-z-grilla"],"_links":{"self":[{"href":"https:\/\/www.narrestaurant.pl\/en\/wp-json\/wp\/v2\/product\/21594","targetHints":{"allow":["GET"]}}],"collection":[{"href":"https:\/\/www.narrestaurant.pl\/en\/wp-json\/wp\/v2\/product"}],"about":[{"href":"https:\/\/www.narrestaurant.pl\/en\/wp-json\/wp\/v2\/types\/product"}],"wp:featuredmedia":[{"embeddable":true,"href":"https:\/\/www.narrestaurant.pl\/en\/wp-json\/wp\/v2\/media\/23344"}],"wp:attachment":[{"href":"https:\/\/www.narrestaurant.pl\/en\/wp-json\/wp\/v2\/media?parent=21594"}],"wp:term":[{"taxonomy":"product_cat","embeddable":true,"href":"https:\/\/www.narrestaurant.pl\/en\/wp-json\/wp\/v2\/product_cat?post=21594"},{"taxonomy":"product_tag","embeddable":true,"href":"https:\/\/www.narrestaurant.pl\/en\/wp-json\/wp\/v2\/product_tag?post=21594"}],"curies":[{"name":"wp","href":"https:\/\/api.w.org\/{rel}","templated":true}]}}