{"id":21596,"date":"2023-09-12T22:08:46","date_gmt":"2023-09-12T20:08:46","guid":{"rendered":"https:\/\/www.narrestaurant.pl\/?post_type=product&#038;p=21596"},"modified":"2025-12-29T12:20:24","modified_gmt":"2025-12-29T10:20:24","slug":"nar-grill-mix","status":"publish","type":"product","link":"https:\/\/www.narrestaurant.pl\/en\/product\/nar-grill-mix\/","title":{"rendered":"Mieszany grill &#8222;Nar&#8221; (800 g)"},"content":{"rendered":"<p>Marynowane kotlety jagni\u0119ce, kawa\u0142ki piersi z kurczaka na szpikulcu, kawa\u0142ki antrykotu na szpikulcu, Adana kebap.<\/p>","protected":false},"excerpt":{"rendered":"<p>Marynowane kotlety jagni\u0119ce, kawa\u0142ki piersi z kurczaka na szpikulcu, kawa\u0142ki antrykotu na szpikulcu, Adana kebap.<\/p>","protected":false},"featured_media":23355,"template":"","meta":[],"product_cat":[221],"product_tag":[],"class_list":["post-21596","product","type-product","status-publish","has-post-thumbnail","hentry","product_cat-dania-z-grilla"],"_links":{"self":[{"href":"https:\/\/www.narrestaurant.pl\/en\/wp-json\/wp\/v2\/product\/21596","targetHints":{"allow":["GET"]}}],"collection":[{"href":"https:\/\/www.narrestaurant.pl\/en\/wp-json\/wp\/v2\/product"}],"about":[{"href":"https:\/\/www.narrestaurant.pl\/en\/wp-json\/wp\/v2\/types\/product"}],"wp:featuredmedia":[{"embeddable":true,"href":"https:\/\/www.narrestaurant.pl\/en\/wp-json\/wp\/v2\/media\/23355"}],"wp:attachment":[{"href":"https:\/\/www.narrestaurant.pl\/en\/wp-json\/wp\/v2\/media?parent=21596"}],"wp:term":[{"taxonomy":"product_cat","embeddable":true,"href":"https:\/\/www.narrestaurant.pl\/en\/wp-json\/wp\/v2\/product_cat?post=21596"},{"taxonomy":"product_tag","embeddable":true,"href":"https:\/\/www.narrestaurant.pl\/en\/wp-json\/wp\/v2\/product_tag?post=21596"}],"curies":[{"name":"wp","href":"https:\/\/api.w.org\/{rel}","templated":true}]}}