{"id":21614,"date":"2023-09-06T19:53:30","date_gmt":"2023-09-06T17:53:30","guid":{"rendered":"https:\/\/www.narrestaurant.pl\/?post_type=product&#038;p=21614"},"modified":"2025-12-29T14:27:28","modified_gmt":"2025-12-29T12:27:28","slug":"pide-veg","status":"publish","type":"product","link":"https:\/\/www.narrestaurant.pl\/en\/product\/pide-veg\/","title":{"rendered":"Pide Veg"},"content":{"rendered":"<p>Pide ze szpinakiem, cebul\u0105, sosem pomidorowym, cukini\u0105 i papryk\u0105.<\/p>","protected":false},"excerpt":{"rendered":"<p>Pide ze szpinakiem, cebul\u0105, sosem pomidorowym, cukini\u0105 i papryk\u0105.<\/p>","protected":false},"featured_media":23382,"template":"","meta":[],"product_cat":[222],"product_tag":[],"class_list":["post-21614","product","type-product","status-publish","has-post-thumbnail","hentry","product_cat-dania-z-pieca"],"_links":{"self":[{"href":"https:\/\/www.narrestaurant.pl\/en\/wp-json\/wp\/v2\/product\/21614","targetHints":{"allow":["GET"]}}],"collection":[{"href":"https:\/\/www.narrestaurant.pl\/en\/wp-json\/wp\/v2\/product"}],"about":[{"href":"https:\/\/www.narrestaurant.pl\/en\/wp-json\/wp\/v2\/types\/product"}],"wp:featuredmedia":[{"embeddable":true,"href":"https:\/\/www.narrestaurant.pl\/en\/wp-json\/wp\/v2\/media\/23382"}],"wp:attachment":[{"href":"https:\/\/www.narrestaurant.pl\/en\/wp-json\/wp\/v2\/media?parent=21614"}],"wp:term":[{"taxonomy":"product_cat","embeddable":true,"href":"https:\/\/www.narrestaurant.pl\/en\/wp-json\/wp\/v2\/product_cat?post=21614"},{"taxonomy":"product_tag","embeddable":true,"href":"https:\/\/www.narrestaurant.pl\/en\/wp-json\/wp\/v2\/product_tag?post=21614"}],"curies":[{"name":"wp","href":"https:\/\/api.w.org\/{rel}","templated":true}]}}