{"id":21615,"date":"2023-09-10T19:55:19","date_gmt":"2023-09-10T17:55:19","guid":{"rendered":"https:\/\/www.narrestaurant.pl\/?post_type=product&#038;p=21615"},"modified":"2025-12-29T12:49:23","modified_gmt":"2025-12-29T10:49:23","slug":"kusbasili-pide","status":"publish","type":"product","link":"https:\/\/www.narrestaurant.pl\/en\/product\/kusbasili-pide\/","title":{"rendered":"Ku\u015fba\u015f\u0131 Ka\u015farl\u0131 Pide"},"content":{"rendered":"<p>Pide z drobno krojon\u0105 wo\u0142owin\u0105 i \u017c\u00f3\u0142tym serem.<\/p>","protected":false},"excerpt":{"rendered":"<p>Pide z drobno krojon\u0105 wo\u0142owin\u0105 i \u017c\u00f3\u0142tym serem.<\/p>","protected":false},"featured_media":23364,"template":"","meta":[],"product_cat":[222],"product_tag":[],"class_list":["post-21615","product","type-product","status-publish","has-post-thumbnail","hentry","product_cat-dania-z-pieca"],"_links":{"self":[{"href":"https:\/\/www.narrestaurant.pl\/en\/wp-json\/wp\/v2\/product\/21615","targetHints":{"allow":["GET"]}}],"collection":[{"href":"https:\/\/www.narrestaurant.pl\/en\/wp-json\/wp\/v2\/product"}],"about":[{"href":"https:\/\/www.narrestaurant.pl\/en\/wp-json\/wp\/v2\/types\/product"}],"wp:featuredmedia":[{"embeddable":true,"href":"https:\/\/www.narrestaurant.pl\/en\/wp-json\/wp\/v2\/media\/23364"}],"wp:attachment":[{"href":"https:\/\/www.narrestaurant.pl\/en\/wp-json\/wp\/v2\/media?parent=21615"}],"wp:term":[{"taxonomy":"product_cat","embeddable":true,"href":"https:\/\/www.narrestaurant.pl\/en\/wp-json\/wp\/v2\/product_cat?post=21615"},{"taxonomy":"product_tag","embeddable":true,"href":"https:\/\/www.narrestaurant.pl\/en\/wp-json\/wp\/v2\/product_tag?post=21615"}],"curies":[{"name":"wp","href":"https:\/\/api.w.org\/{rel}","templated":true}]}}