{"id":21616,"date":"2023-09-09T19:56:48","date_gmt":"2023-09-09T17:56:48","guid":{"rendered":"https:\/\/www.narrestaurant.pl\/?post_type=product&#038;p=21616"},"modified":"2025-12-29T12:46:13","modified_gmt":"2025-12-29T10:46:13","slug":"kiymali-kasarli-pid","status":"publish","type":"product","link":"https:\/\/www.narrestaurant.pl\/en\/product\/kiymali-kasarli-pid\/","title":{"rendered":"K\u0131ymal\u0131 Ka\u015farl\u0131 Pid"},"content":{"rendered":"<p>Pide z mielon\u0105 wo\u0142owin\u0105 i \u017c\u00f3\u0142tym serem.<\/p>","protected":false},"excerpt":{"rendered":"<p>Pide z mielon\u0105 wo\u0142owin\u0105 i \u017c\u00f3\u0142tym serem.<\/p>","protected":false},"featured_media":23363,"template":"","meta":[],"product_cat":[222],"product_tag":[],"class_list":["post-21616","product","type-product","status-publish","has-post-thumbnail","hentry","product_cat-dania-z-pieca"],"_links":{"self":[{"href":"https:\/\/www.narrestaurant.pl\/en\/wp-json\/wp\/v2\/product\/21616","targetHints":{"allow":["GET"]}}],"collection":[{"href":"https:\/\/www.narrestaurant.pl\/en\/wp-json\/wp\/v2\/product"}],"about":[{"href":"https:\/\/www.narrestaurant.pl\/en\/wp-json\/wp\/v2\/types\/product"}],"wp:featuredmedia":[{"embeddable":true,"href":"https:\/\/www.narrestaurant.pl\/en\/wp-json\/wp\/v2\/media\/23363"}],"wp:attachment":[{"href":"https:\/\/www.narrestaurant.pl\/en\/wp-json\/wp\/v2\/media?parent=21616"}],"wp:term":[{"taxonomy":"product_cat","embeddable":true,"href":"https:\/\/www.narrestaurant.pl\/en\/wp-json\/wp\/v2\/product_cat?post=21616"},{"taxonomy":"product_tag","embeddable":true,"href":"https:\/\/www.narrestaurant.pl\/en\/wp-json\/wp\/v2\/product_tag?post=21616"}],"curies":[{"name":"wp","href":"https:\/\/api.w.org\/{rel}","templated":true}]}}