{"id":21617,"date":"2023-09-01T20:01:47","date_gmt":"2023-09-01T18:01:47","guid":{"rendered":"https:\/\/www.narrestaurant.pl\/?post_type=product&#038;p=21617"},"modified":"2025-12-29T13:36:40","modified_gmt":"2025-12-29T11:36:40","slug":"lahmacun","status":"publish","type":"product","link":"https:\/\/www.narrestaurant.pl\/en\/product\/lahmacun\/","title":{"rendered":"Lahmacun"},"content":{"rendered":"<p>Cienkie, chrupi\u0105ce ciasto z mielonym mi\u0119sem, cebul\u0105, warzywami i przyprawami.<\/p>","protected":false},"excerpt":{"rendered":"<p>Skosztuj naszego smakowitego Lahmacuna &#8211; cienkiego placka z mi\u0119sem mielonym, papryk\u0105, cebul\u0105 i pomidorami. To tureckie danie zyskuje popularno\u015b\u0107 na ca\u0142ym \u015bwiecie, a jego wyj\u0105tkowe po\u0142\u0105czenie smak\u00f3w zaspokoi nawet najbardziej wymagaj\u0105ce podniebienia.<\/p>","protected":false},"featured_media":23365,"template":"","meta":[],"product_cat":[222],"product_tag":[],"class_list":["post-21617","product","type-product","status-publish","has-post-thumbnail","hentry","product_cat-dania-z-pieca"],"_links":{"self":[{"href":"https:\/\/www.narrestaurant.pl\/en\/wp-json\/wp\/v2\/product\/21617","targetHints":{"allow":["GET"]}}],"collection":[{"href":"https:\/\/www.narrestaurant.pl\/en\/wp-json\/wp\/v2\/product"}],"about":[{"href":"https:\/\/www.narrestaurant.pl\/en\/wp-json\/wp\/v2\/types\/product"}],"wp:featuredmedia":[{"embeddable":true,"href":"https:\/\/www.narrestaurant.pl\/en\/wp-json\/wp\/v2\/media\/23365"}],"wp:attachment":[{"href":"https:\/\/www.narrestaurant.pl\/en\/wp-json\/wp\/v2\/media?parent=21617"}],"wp:term":[{"taxonomy":"product_cat","embeddable":true,"href":"https:\/\/www.narrestaurant.pl\/en\/wp-json\/wp\/v2\/product_cat?post=21617"},{"taxonomy":"product_tag","embeddable":true,"href":"https:\/\/www.narrestaurant.pl\/en\/wp-json\/wp\/v2\/product_tag?post=21617"}],"curies":[{"name":"wp","href":"https:\/\/api.w.org\/{rel}","templated":true}]}}