{"id":21624,"date":"2023-09-03T20:18:43","date_gmt":"2023-09-03T18:18:43","guid":{"rendered":"https:\/\/www.narrestaurant.pl\/?post_type=product&#038;p=21624"},"modified":"2025-12-29T14:05:17","modified_gmt":"2025-12-29T12:05:17","slug":"salatka-z-burakow","status":"publish","type":"product","link":"https:\/\/www.narrestaurant.pl\/en\/product\/salatka-z-burakow\/","title":{"rendered":"Sa\u0142atka z burak\u00f3w"},"content":{"rendered":"<p>Skosztuj naszej Pancar Salatas\u0131 &#8211; zdrowej sa\u0142atki z burak\u00f3w z dodatkiem czosnku i oliwy z oliwek. Ten pyszny i kolorowy przysmak to doskona\u0142e \u017ar\u00f3d\u0142o witamin i b\u0142onnika. \u015awie\u017ce buraki w po\u0142\u0105czeniu z aromatycznym czosnkiem i oliw\u0105 z oliwek tworz\u0105 smakowite danie, kt\u00f3re z pewno\u015bci\u0105 przypadnie Ci do gustu.<\/p>","protected":false},"excerpt":{"rendered":"<p>Skosztuj naszej Pancar Salatas\u0131 &#8211; zdrowej sa\u0142atki z burak\u00f3w z dodatkiem czosnku i oliwy z oliwek. Ten pyszny i kolorowy przysmak to doskona\u0142e \u017ar\u00f3d\u0142o witamin i b\u0142onnika. \u015awie\u017ce buraki w po\u0142\u0105czeniu z aromatycznym czosnkiem i oliw\u0105 z oliwek tworz\u0105 smakowite danie, kt\u00f3re z pewno\u015bci\u0105 przypadnie Ci do gustu.<\/p>","protected":false},"featured_media":23373,"template":"","meta":[],"product_cat":[214,226],"product_tag":[],"class_list":["post-21624","product","type-product","status-publish","has-post-thumbnail","hentry","product_cat-meze","product_cat-zimne-przystawki"],"_links":{"self":[{"href":"https:\/\/www.narrestaurant.pl\/en\/wp-json\/wp\/v2\/product\/21624","targetHints":{"allow":["GET"]}}],"collection":[{"href":"https:\/\/www.narrestaurant.pl\/en\/wp-json\/wp\/v2\/product"}],"about":[{"href":"https:\/\/www.narrestaurant.pl\/en\/wp-json\/wp\/v2\/types\/product"}],"wp:featuredmedia":[{"embeddable":true,"href":"https:\/\/www.narrestaurant.pl\/en\/wp-json\/wp\/v2\/media\/23373"}],"wp:attachment":[{"href":"https:\/\/www.narrestaurant.pl\/en\/wp-json\/wp\/v2\/media?parent=21624"}],"wp:term":[{"taxonomy":"product_cat","embeddable":true,"href":"https:\/\/www.narrestaurant.pl\/en\/wp-json\/wp\/v2\/product_cat?post=21624"},{"taxonomy":"product_tag","embeddable":true,"href":"https:\/\/www.narrestaurant.pl\/en\/wp-json\/wp\/v2\/product_tag?post=21624"}],"curies":[{"name":"wp","href":"https:\/\/api.w.org\/{rel}","templated":true}]}}