{"id":21626,"date":"2023-09-11T20:20:27","date_gmt":"2023-09-11T18:20:27","guid":{"rendered":"https:\/\/www.narrestaurant.pl\/?post_type=product&#038;p=21626"},"modified":"2025-12-29T14:16:20","modified_gmt":"2025-12-29T12:16:20","slug":"sigara-boregi","status":"publish","type":"product","link":"https:\/\/www.narrestaurant.pl\/en\/product\/sigara-boregi\/","title":{"rendered":"Sigara B\u00f6re\u011fi (6 szt)"},"content":{"rendered":"<p>Zapraszamy do spr\u00f3bowania naszych Sigara B\u00f6re\u011fi &#8211; chrupi\u0105cych ro\u017ck\u00f3w z ciasta filo, wype\u0142nionych tureckim serem, podawanych z sosem tzatziki. Te delikatne i smakowite przek\u0105ski s\u0105 doskona\u0142e na imprez\u0119 czy jako przystawka przed g\u0142\u00f3wnym daniem. Serwujemy je w porcji sze\u015bciu sztuk, aby\u015b m\u00f3g\u0142 \u0142atwo dzieli\u0107 si\u0119 nimi z rodzin\u0105 i przyjaci\u00f3\u0142mi.<\/p>","protected":false},"excerpt":{"rendered":"<p>Chrupi\u0105ce ruloniki z ciasta filo, nadziewane bia\u0142ym serem.<\/p>","protected":false},"featured_media":23377,"template":"","meta":[],"product_cat":[214,227],"product_tag":[],"class_list":["post-21626","product","type-product","status-publish","has-post-thumbnail","hentry","product_cat-meze","product_cat-cieple-przystawki"],"_links":{"self":[{"href":"https:\/\/www.narrestaurant.pl\/en\/wp-json\/wp\/v2\/product\/21626","targetHints":{"allow":["GET"]}}],"collection":[{"href":"https:\/\/www.narrestaurant.pl\/en\/wp-json\/wp\/v2\/product"}],"about":[{"href":"https:\/\/www.narrestaurant.pl\/en\/wp-json\/wp\/v2\/types\/product"}],"wp:featuredmedia":[{"embeddable":true,"href":"https:\/\/www.narrestaurant.pl\/en\/wp-json\/wp\/v2\/media\/23377"}],"wp:attachment":[{"href":"https:\/\/www.narrestaurant.pl\/en\/wp-json\/wp\/v2\/media?parent=21626"}],"wp:term":[{"taxonomy":"product_cat","embeddable":true,"href":"https:\/\/www.narrestaurant.pl\/en\/wp-json\/wp\/v2\/product_cat?post=21626"},{"taxonomy":"product_tag","embeddable":true,"href":"https:\/\/www.narrestaurant.pl\/en\/wp-json\/wp\/v2\/product_tag?post=21626"}],"curies":[{"name":"wp","href":"https:\/\/api.w.org\/{rel}","templated":true}]}}