{"id":21628,"date":"2023-09-13T20:24:09","date_gmt":"2023-09-13T18:24:09","guid":{"rendered":"https:\/\/www.narrestaurant.pl\/?post_type=product&#038;p=21628"},"modified":"2025-12-29T14:00:23","modified_gmt":"2025-12-29T12:00:23","slug":"mucver","status":"publish","type":"product","link":"https:\/\/www.narrestaurant.pl\/en\/product\/mucver\/","title":{"rendered":"M\u00fccver (4 szt)"},"content":{"rendered":"<p>Zapraszamy do skosztowania naszych M\u00fccver &#8211; nale\u015bnik\u00f3w z cukinii. Te lekkie i smakowite placki przyrz\u0105dzone z \u015bwie\u017cych cukinii, przypraw i zi\u00f3\u0142 to doskona\u0142a przek\u0105ska czy dodatek do g\u0142\u00f3wnego dania. Spr\u00f3buj naszej wersji tego popularnego przysmaku kuchni tureckiej i ba\u0142ka\u0144skiej, kt\u00f3ry z pewno\u015bci\u0105 przypadnie Ci do gustu.<\/p>","protected":false},"excerpt":{"rendered":"<p>Placki z cukinii z dodatkiem \u015bwie\u017cych zi\u00f3\u0142, marchwi i jajka, sma\u017cone na g\u0142\u0119bokim t\u0142uszczu.<\/p>","protected":false},"featured_media":23372,"template":"","meta":[],"product_cat":[214,227],"product_tag":[],"class_list":["post-21628","product","type-product","status-publish","has-post-thumbnail","hentry","product_cat-meze","product_cat-cieple-przystawki"],"_links":{"self":[{"href":"https:\/\/www.narrestaurant.pl\/en\/wp-json\/wp\/v2\/product\/21628","targetHints":{"allow":["GET"]}}],"collection":[{"href":"https:\/\/www.narrestaurant.pl\/en\/wp-json\/wp\/v2\/product"}],"about":[{"href":"https:\/\/www.narrestaurant.pl\/en\/wp-json\/wp\/v2\/types\/product"}],"wp:featuredmedia":[{"embeddable":true,"href":"https:\/\/www.narrestaurant.pl\/en\/wp-json\/wp\/v2\/media\/23372"}],"wp:attachment":[{"href":"https:\/\/www.narrestaurant.pl\/en\/wp-json\/wp\/v2\/media?parent=21628"}],"wp:term":[{"taxonomy":"product_cat","embeddable":true,"href":"https:\/\/www.narrestaurant.pl\/en\/wp-json\/wp\/v2\/product_cat?post=21628"},{"taxonomy":"product_tag","embeddable":true,"href":"https:\/\/www.narrestaurant.pl\/en\/wp-json\/wp\/v2\/product_tag?post=21628"}],"curies":[{"name":"wp","href":"https:\/\/api.w.org\/{rel}","templated":true}]}}