{"id":21645,"date":"2023-09-04T20:57:23","date_gmt":"2023-09-04T18:57:23","guid":{"rendered":"https:\/\/www.narrestaurant.pl\/?post_type=product&#038;p=21645"},"modified":"2025-08-29T16:16:12","modified_gmt":"2025-08-29T14:16:12","slug":"kunefe","status":"publish","type":"product","link":"https:\/\/www.narrestaurant.pl\/en\/product\/kunefe\/","title":{"rendered":"K\u00fcnefe"},"content":{"rendered":"<p>Ciasto z cienkich nitek pszenicznych z nadzieniem z ci\u0105gn\u0105cego si\u0119 sera, pieczone w piecu do chrupko\u015bci, nas\u0105czone syropem<br \/>\ncukrowym i posypane mielonymi pistacjami.<\/p>","protected":false},"excerpt":{"rendered":"<p>Ciasto z cienkich nitek pszenicznych z nadzieniem z ci\u0105gn\u0105cego si\u0119 sera, pieczone w piecu do chrupko\u015bci, nas\u0105czone syropem<br \/>\ncukrowym i posypane mielonymi pistacjami.<\/p>","protected":false},"featured_media":22641,"template":"","meta":[],"product_cat":[217],"product_tag":[],"class_list":["post-21645","product","type-product","status-publish","has-post-thumbnail","hentry","product_cat-desery"],"_links":{"self":[{"href":"https:\/\/www.narrestaurant.pl\/en\/wp-json\/wp\/v2\/product\/21645","targetHints":{"allow":["GET"]}}],"collection":[{"href":"https:\/\/www.narrestaurant.pl\/en\/wp-json\/wp\/v2\/product"}],"about":[{"href":"https:\/\/www.narrestaurant.pl\/en\/wp-json\/wp\/v2\/types\/product"}],"wp:featuredmedia":[{"embeddable":true,"href":"https:\/\/www.narrestaurant.pl\/en\/wp-json\/wp\/v2\/media\/22641"}],"wp:attachment":[{"href":"https:\/\/www.narrestaurant.pl\/en\/wp-json\/wp\/v2\/media?parent=21645"}],"wp:term":[{"taxonomy":"product_cat","embeddable":true,"href":"https:\/\/www.narrestaurant.pl\/en\/wp-json\/wp\/v2\/product_cat?post=21645"},{"taxonomy":"product_tag","embeddable":true,"href":"https:\/\/www.narrestaurant.pl\/en\/wp-json\/wp\/v2\/product_tag?post=21645"}],"curies":[{"name":"wp","href":"https:\/\/api.w.org\/{rel}","templated":true}]}}