{"id":22554,"date":"2023-09-14T16:59:13","date_gmt":"2023-09-14T14:59:13","guid":{"rendered":"https:\/\/www.narrestaurant.pl\/?post_type=product&#038;p=22554"},"modified":"2025-12-29T12:38:08","modified_gmt":"2025-12-29T10:38:08","slug":"icli-kofte","status":"publish","type":"product","link":"https:\/\/www.narrestaurant.pl\/en\/product\/icli-kofte\/","title":{"rendered":"\u0130\u00e7li K\u00f6fte (1 szt)"},"content":{"rendered":"<p>Sma\u017cone na patelni klopsiki nadziewane mi\u0119sem, przyrz\u0105dzone z \u0142aman\u0105 pszenic\u0105, semolin\u0105, przyprawami i jajkiem.<\/p>","protected":false},"excerpt":{"rendered":"<p>Sma\u017cone na patelni klopsiki nadziewane mi\u0119sem, przyrz\u0105dzone z \u0142aman\u0105 pszenic\u0105, semolin\u0105, przyprawami i jajkiem.<\/p>","protected":false},"featured_media":23360,"template":"","meta":[],"product_cat":[214,227],"product_tag":[],"class_list":["post-22554","product","type-product","status-publish","has-post-thumbnail","hentry","product_cat-meze","product_cat-cieple-przystawki"],"_links":{"self":[{"href":"https:\/\/www.narrestaurant.pl\/en\/wp-json\/wp\/v2\/product\/22554","targetHints":{"allow":["GET"]}}],"collection":[{"href":"https:\/\/www.narrestaurant.pl\/en\/wp-json\/wp\/v2\/product"}],"about":[{"href":"https:\/\/www.narrestaurant.pl\/en\/wp-json\/wp\/v2\/types\/product"}],"wp:featuredmedia":[{"embeddable":true,"href":"https:\/\/www.narrestaurant.pl\/en\/wp-json\/wp\/v2\/media\/23360"}],"wp:attachment":[{"href":"https:\/\/www.narrestaurant.pl\/en\/wp-json\/wp\/v2\/media?parent=22554"}],"wp:term":[{"taxonomy":"product_cat","embeddable":true,"href":"https:\/\/www.narrestaurant.pl\/en\/wp-json\/wp\/v2\/product_cat?post=22554"},{"taxonomy":"product_tag","embeddable":true,"href":"https:\/\/www.narrestaurant.pl\/en\/wp-json\/wp\/v2\/product_tag?post=22554"}],"curies":[{"name":"wp","href":"https:\/\/api.w.org\/{rel}","templated":true}]}}