{"id":22575,"date":"2023-09-07T12:54:15","date_gmt":"2023-09-07T10:54:15","guid":{"rendered":"https:\/\/www.narrestaurant.pl\/?post_type=product&#038;p=22575"},"modified":"2025-08-29T15:12:27","modified_gmt":"2025-08-29T13:12:27","slug":"yogurtlu-adana-kebab","status":"publish","type":"product","link":"https:\/\/www.narrestaurant.pl\/en\/product\/yogurtlu-adana-kebab\/","title":{"rendered":"Yo\u011furtlu Adana Kebab"},"content":{"rendered":"<p>Pikantna mielona wo\u0142owina na szpikulcu, podawana z pit\u0105, jogurtem i sosem pomidorowym.<\/p>","protected":false},"excerpt":{"rendered":"<p>Pikantna mielona wo\u0142owina na szpikulcu, podawana z pit\u0105, jogurtem i sosem pomidorowym.<\/p>","protected":false},"featured_media":22753,"template":"","meta":[],"product_cat":[221],"product_tag":[],"class_list":["post-22575","product","type-product","status-publish","has-post-thumbnail","hentry","product_cat-dania-z-grilla"],"_links":{"self":[{"href":"https:\/\/www.narrestaurant.pl\/en\/wp-json\/wp\/v2\/product\/22575","targetHints":{"allow":["GET"]}}],"collection":[{"href":"https:\/\/www.narrestaurant.pl\/en\/wp-json\/wp\/v2\/product"}],"about":[{"href":"https:\/\/www.narrestaurant.pl\/en\/wp-json\/wp\/v2\/types\/product"}],"wp:featuredmedia":[{"embeddable":true,"href":"https:\/\/www.narrestaurant.pl\/en\/wp-json\/wp\/v2\/media\/22753"}],"wp:attachment":[{"href":"https:\/\/www.narrestaurant.pl\/en\/wp-json\/wp\/v2\/media?parent=22575"}],"wp:term":[{"taxonomy":"product_cat","embeddable":true,"href":"https:\/\/www.narrestaurant.pl\/en\/wp-json\/wp\/v2\/product_cat?post=22575"},{"taxonomy":"product_tag","embeddable":true,"href":"https:\/\/www.narrestaurant.pl\/en\/wp-json\/wp\/v2\/product_tag?post=22575"}],"curies":[{"name":"wp","href":"https:\/\/api.w.org\/{rel}","templated":true}]}}