{"id":22582,"date":"2023-09-08T14:27:50","date_gmt":"2023-09-08T12:27:50","guid":{"rendered":"https:\/\/www.narrestaurant.pl\/?post_type=product&#038;p=22582"},"modified":"2025-12-29T14:17:46","modified_gmt":"2025-12-29T12:17:46","slug":"sucuklu-kasarli-pide","status":"publish","type":"product","link":"https:\/\/www.narrestaurant.pl\/en\/product\/sucuklu-kasarli-pide\/","title":{"rendered":"Sucuklu Ka\u015farl\u0131 Pide"},"content":{"rendered":"<p>Pide z \u017c\u00f3\u0142tym serem i pikantn\u0105 tureck\u0105 kie\u0142bas\u0105.<\/p>","protected":false},"excerpt":{"rendered":"<p>Pide z \u017c\u00f3\u0142tym serem i pikantn\u0105 tureck\u0105 kie\u0142bas\u0105.<\/p>","protected":false},"featured_media":23378,"template":"","meta":[],"product_cat":[222],"product_tag":[],"class_list":["post-22582","product","type-product","status-publish","has-post-thumbnail","hentry","product_cat-dania-z-pieca"],"_links":{"self":[{"href":"https:\/\/www.narrestaurant.pl\/en\/wp-json\/wp\/v2\/product\/22582","targetHints":{"allow":["GET"]}}],"collection":[{"href":"https:\/\/www.narrestaurant.pl\/en\/wp-json\/wp\/v2\/product"}],"about":[{"href":"https:\/\/www.narrestaurant.pl\/en\/wp-json\/wp\/v2\/types\/product"}],"wp:featuredmedia":[{"embeddable":true,"href":"https:\/\/www.narrestaurant.pl\/en\/wp-json\/wp\/v2\/media\/23378"}],"wp:attachment":[{"href":"https:\/\/www.narrestaurant.pl\/en\/wp-json\/wp\/v2\/media?parent=22582"}],"wp:term":[{"taxonomy":"product_cat","embeddable":true,"href":"https:\/\/www.narrestaurant.pl\/en\/wp-json\/wp\/v2\/product_cat?post=22582"},{"taxonomy":"product_tag","embeddable":true,"href":"https:\/\/www.narrestaurant.pl\/en\/wp-json\/wp\/v2\/product_tag?post=22582"}],"curies":[{"name":"wp","href":"https:\/\/api.w.org\/{rel}","templated":true}]}}