{"id":22588,"date":"2023-09-01T14:56:16","date_gmt":"2023-09-01T12:56:16","guid":{"rendered":"https:\/\/www.narrestaurant.pl\/?post_type=product&#038;p=22588"},"modified":"2025-08-29T15:52:54","modified_gmt":"2025-08-29T13:52:54","slug":"lody","status":"publish","type":"product","link":"https:\/\/www.narrestaurant.pl\/en\/product\/lody\/","title":{"rendered":"Lody (1 ga\u0142ka)"},"content":{"rendered":"<p>Ga\u0142ka lod\u00f3w<\/p>","protected":false},"excerpt":{"rendered":"<p>Ga\u0142ka lod\u00f3w<\/p>","protected":false},"featured_media":22807,"template":"","meta":[],"product_cat":[217],"product_tag":[],"class_list":["post-22588","product","type-product","status-publish","has-post-thumbnail","hentry","product_cat-desery"],"_links":{"self":[{"href":"https:\/\/www.narrestaurant.pl\/en\/wp-json\/wp\/v2\/product\/22588","targetHints":{"allow":["GET"]}}],"collection":[{"href":"https:\/\/www.narrestaurant.pl\/en\/wp-json\/wp\/v2\/product"}],"about":[{"href":"https:\/\/www.narrestaurant.pl\/en\/wp-json\/wp\/v2\/types\/product"}],"wp:featuredmedia":[{"embeddable":true,"href":"https:\/\/www.narrestaurant.pl\/en\/wp-json\/wp\/v2\/media\/22807"}],"wp:attachment":[{"href":"https:\/\/www.narrestaurant.pl\/en\/wp-json\/wp\/v2\/media?parent=22588"}],"wp:term":[{"taxonomy":"product_cat","embeddable":true,"href":"https:\/\/www.narrestaurant.pl\/en\/wp-json\/wp\/v2\/product_cat?post=22588"},{"taxonomy":"product_tag","embeddable":true,"href":"https:\/\/www.narrestaurant.pl\/en\/wp-json\/wp\/v2\/product_tag?post=22588"}],"curies":[{"name":"wp","href":"https:\/\/api.w.org\/{rel}","templated":true}]}}