{"id":22711,"date":"2023-09-04T16:51:51","date_gmt":"2023-09-04T14:51:51","guid":{"rendered":"https:\/\/www.narrestaurant.pl\/?post_type=product&#038;p=22711"},"modified":"2025-12-29T11:49:29","modified_gmt":"2025-12-29T09:49:29","slug":"babaganusz","status":"publish","type":"product","link":"https:\/\/www.narrestaurant.pl\/en\/product\/babaganusz\/","title":{"rendered":"Babaganusz"},"content":{"rendered":"<p>Pasta z w\u0119dzonego bak\u0142a\u017cana z tahini, jogurtem czosnkowym, kminem rzymskim i pieprzem.<\/p>","protected":false},"excerpt":{"rendered":"<p>Pasta z w\u0119dzonego bak\u0142a\u017cana z tahini, jogurtem czosnkowym, kminem rzymskim i pieprzem.<\/p>","protected":false},"featured_media":23345,"template":"","meta":[],"product_cat":[214,226],"product_tag":[],"class_list":["post-22711","product","type-product","status-publish","has-post-thumbnail","hentry","product_cat-meze","product_cat-zimne-przystawki"],"_links":{"self":[{"href":"https:\/\/www.narrestaurant.pl\/en\/wp-json\/wp\/v2\/product\/22711","targetHints":{"allow":["GET"]}}],"collection":[{"href":"https:\/\/www.narrestaurant.pl\/en\/wp-json\/wp\/v2\/product"}],"about":[{"href":"https:\/\/www.narrestaurant.pl\/en\/wp-json\/wp\/v2\/types\/product"}],"wp:featuredmedia":[{"embeddable":true,"href":"https:\/\/www.narrestaurant.pl\/en\/wp-json\/wp\/v2\/media\/23345"}],"wp:attachment":[{"href":"https:\/\/www.narrestaurant.pl\/en\/wp-json\/wp\/v2\/media?parent=22711"}],"wp:term":[{"taxonomy":"product_cat","embeddable":true,"href":"https:\/\/www.narrestaurant.pl\/en\/wp-json\/wp\/v2\/product_cat?post=22711"},{"taxonomy":"product_tag","embeddable":true,"href":"https:\/\/www.narrestaurant.pl\/en\/wp-json\/wp\/v2\/product_tag?post=22711"}],"curies":[{"name":"wp","href":"https:\/\/api.w.org\/{rel}","templated":true}]}}