{"id":22713,"date":"2023-09-14T17:00:53","date_gmt":"2023-09-14T15:00:53","guid":{"rendered":"https:\/\/www.narrestaurant.pl\/?post_type=product&#038;p=22713"},"modified":"2025-12-29T14:26:08","modified_gmt":"2025-12-29T12:26:08","slug":"ciger-tava","status":"publish","type":"product","link":"https:\/\/www.narrestaurant.pl\/en\/product\/ciger-tava\/","title":{"rendered":"Ci\u011fer tava"},"content":{"rendered":"<p>W\u0105tr\u00f3bka jagni\u0119ca sma\u017cona na patelni z sosem pomidorowym i przyprawami.<\/p>","protected":false},"excerpt":{"rendered":"<p>W\u0105tr\u00f3bka jagni\u0119ca sma\u017cona na patelni z sosem pomidorowym i przyprawami.<\/p>","protected":false},"featured_media":23381,"template":"","meta":[],"product_cat":[214,227],"product_tag":[],"class_list":["post-22713","product","type-product","status-publish","has-post-thumbnail","hentry","product_cat-meze","product_cat-cieple-przystawki"],"_links":{"self":[{"href":"https:\/\/www.narrestaurant.pl\/en\/wp-json\/wp\/v2\/product\/22713","targetHints":{"allow":["GET"]}}],"collection":[{"href":"https:\/\/www.narrestaurant.pl\/en\/wp-json\/wp\/v2\/product"}],"about":[{"href":"https:\/\/www.narrestaurant.pl\/en\/wp-json\/wp\/v2\/types\/product"}],"wp:featuredmedia":[{"embeddable":true,"href":"https:\/\/www.narrestaurant.pl\/en\/wp-json\/wp\/v2\/media\/23381"}],"wp:attachment":[{"href":"https:\/\/www.narrestaurant.pl\/en\/wp-json\/wp\/v2\/media?parent=22713"}],"wp:term":[{"taxonomy":"product_cat","embeddable":true,"href":"https:\/\/www.narrestaurant.pl\/en\/wp-json\/wp\/v2\/product_cat?post=22713"},{"taxonomy":"product_tag","embeddable":true,"href":"https:\/\/www.narrestaurant.pl\/en\/wp-json\/wp\/v2\/product_tag?post=22713"}],"curies":[{"name":"wp","href":"https:\/\/api.w.org\/{rel}","templated":true}]}}