{"id":22731,"date":"2023-09-07T12:55:03","date_gmt":"2023-09-07T10:55:03","guid":{"rendered":"https:\/\/www.narrestaurant.pl\/?post_type=product&#038;p=22731"},"modified":"2025-09-01T14:25:50","modified_gmt":"2025-09-01T12:25:50","slug":"beyti-kebabi","status":"publish","type":"product","link":"https:\/\/www.narrestaurant.pl\/en\/product\/beyti-kebabi\/","title":{"rendered":"Beyti Kebap"},"content":{"rendered":"<p>Lava\u015f zawijany z mielon\u0105 wo\u0142owin\u0105, polany jogurtem czosnkowym i bogatym sosem pomidorowym.<\/p>","protected":false},"excerpt":{"rendered":"<p>Lava\u015f zawijany z mielon\u0105 wo\u0142owin\u0105, polany jogurtem czosnkowym i bogatym sosem pomidorowym.<\/p>","protected":false},"featured_media":23044,"template":"","meta":[],"product_cat":[221],"product_tag":[],"class_list":["post-22731","product","type-product","status-publish","has-post-thumbnail","hentry","product_cat-dania-z-grilla"],"_links":{"self":[{"href":"https:\/\/www.narrestaurant.pl\/en\/wp-json\/wp\/v2\/product\/22731","targetHints":{"allow":["GET"]}}],"collection":[{"href":"https:\/\/www.narrestaurant.pl\/en\/wp-json\/wp\/v2\/product"}],"about":[{"href":"https:\/\/www.narrestaurant.pl\/en\/wp-json\/wp\/v2\/types\/product"}],"wp:featuredmedia":[{"embeddable":true,"href":"https:\/\/www.narrestaurant.pl\/en\/wp-json\/wp\/v2\/media\/23044"}],"wp:attachment":[{"href":"https:\/\/www.narrestaurant.pl\/en\/wp-json\/wp\/v2\/media?parent=22731"}],"wp:term":[{"taxonomy":"product_cat","embeddable":true,"href":"https:\/\/www.narrestaurant.pl\/en\/wp-json\/wp\/v2\/product_cat?post=22731"},{"taxonomy":"product_tag","embeddable":true,"href":"https:\/\/www.narrestaurant.pl\/en\/wp-json\/wp\/v2\/product_tag?post=22731"}],"curies":[{"name":"wp","href":"https:\/\/api.w.org\/{rel}","templated":true}]}}