{"id":22802,"date":"2024-07-26T16:06:40","date_gmt":"2024-07-26T14:06:40","guid":{"rendered":"https:\/\/www.narrestaurant.pl\/?post_type=product&#038;p=22802"},"modified":"2025-12-29T12:07:13","modified_gmt":"2025-12-29T10:07:13","slug":"deska-tureckich-serow-dla-dwoch-osob","status":"publish","type":"product","link":"https:\/\/www.narrestaurant.pl\/en\/product\/deska-tureckich-serow-dla-dwoch-osob\/","title":{"rendered":"Deska tureckich ser\u00f3w (dla dw\u00f3ch os\u00f3b)"},"content":{"rendered":"<p>Deska tureckich ser\u00f3w dla 2 os\u00f3b<\/p>","protected":false},"excerpt":{"rendered":"<p>Deska tureckich ser\u00f3w dla 2 os\u00f3b<\/p>","protected":false},"featured_media":23351,"template":"","meta":[],"product_cat":[214,226],"product_tag":[],"class_list":["post-22802","product","type-product","status-publish","has-post-thumbnail","hentry","product_cat-meze","product_cat-zimne-przystawki"],"_links":{"self":[{"href":"https:\/\/www.narrestaurant.pl\/en\/wp-json\/wp\/v2\/product\/22802","targetHints":{"allow":["GET"]}}],"collection":[{"href":"https:\/\/www.narrestaurant.pl\/en\/wp-json\/wp\/v2\/product"}],"about":[{"href":"https:\/\/www.narrestaurant.pl\/en\/wp-json\/wp\/v2\/types\/product"}],"wp:featuredmedia":[{"embeddable":true,"href":"https:\/\/www.narrestaurant.pl\/en\/wp-json\/wp\/v2\/media\/23351"}],"wp:attachment":[{"href":"https:\/\/www.narrestaurant.pl\/en\/wp-json\/wp\/v2\/media?parent=22802"}],"wp:term":[{"taxonomy":"product_cat","embeddable":true,"href":"https:\/\/www.narrestaurant.pl\/en\/wp-json\/wp\/v2\/product_cat?post=22802"},{"taxonomy":"product_tag","embeddable":true,"href":"https:\/\/www.narrestaurant.pl\/en\/wp-json\/wp\/v2\/product_tag?post=22802"}],"curies":[{"name":"wp","href":"https:\/\/api.w.org\/{rel}","templated":true}]}}