{"id":22936,"date":"2025-08-29T13:08:40","date_gmt":"2025-08-29T11:08:40","guid":{"rendered":"https:\/\/www.narrestaurant.pl\/?post_type=product&#038;p=22936"},"modified":"2025-11-25T12:20:26","modified_gmt":"2025-11-25T10:20:26","slug":"ah-istanbul-dla-jednej-osoby","status":"publish","type":"product","link":"https:\/\/www.narrestaurant.pl\/en\/product\/ah-istanbul-dla-jednej-osoby\/","title":{"rendered":"AH \u0130STANBUL (dla jednej osoby)"},"content":{"rendered":"<p>Jajecznica gotowana z pomidorami, zielon\u0105 papryk\u0105 i cebul\u0105, sma\u017cona kie\u0142basa, awokado, sma\u017cone ruloniki z ciasta filo z bia\u0142ym serem, ser halloumi, \u015bmietana, mi\u00f3d, d\u017cem, oliwki, mas\u0142o, pita.<\/p>\n<p>Do ka\u017cdego \u015bniadania wliczona jest jedna herbata.<\/p>","protected":false},"excerpt":{"rendered":"<p>Jajecznica gotowana z pomidorami, zielon\u0105 papryk\u0105 i cebul\u0105, sma\u017cona kie\u0142basa, awokado, sma\u017cone ruloniki z ciasta filo z bia\u0142ym serem, ser halloumi, \u015bmietana, mi\u00f3d, d\u017cem, oliwki, mas\u0142o, pita.<\/p>","protected":false},"featured_media":23333,"template":"","meta":[],"product_cat":[224],"product_tag":[],"class_list":["post-22936","product","type-product","status-publish","has-post-thumbnail","hentry","product_cat-sniadania"],"_links":{"self":[{"href":"https:\/\/www.narrestaurant.pl\/en\/wp-json\/wp\/v2\/product\/22936","targetHints":{"allow":["GET"]}}],"collection":[{"href":"https:\/\/www.narrestaurant.pl\/en\/wp-json\/wp\/v2\/product"}],"about":[{"href":"https:\/\/www.narrestaurant.pl\/en\/wp-json\/wp\/v2\/types\/product"}],"wp:featuredmedia":[{"embeddable":true,"href":"https:\/\/www.narrestaurant.pl\/en\/wp-json\/wp\/v2\/media\/23333"}],"wp:attachment":[{"href":"https:\/\/www.narrestaurant.pl\/en\/wp-json\/wp\/v2\/media?parent=22936"}],"wp:term":[{"taxonomy":"product_cat","embeddable":true,"href":"https:\/\/www.narrestaurant.pl\/en\/wp-json\/wp\/v2\/product_cat?post=22936"},{"taxonomy":"product_tag","embeddable":true,"href":"https:\/\/www.narrestaurant.pl\/en\/wp-json\/wp\/v2\/product_tag?post=22936"}],"curies":[{"name":"wp","href":"https:\/\/api.w.org\/{rel}","templated":true}]}}