{"id":22957,"date":"2025-08-29T14:18:34","date_gmt":"2025-08-29T12:18:34","guid":{"rendered":"https:\/\/www.narrestaurant.pl\/?post_type=product&#038;p=22957"},"modified":"2025-12-29T13:53:23","modified_gmt":"2025-12-29T11:53:23","slug":"paczanga-z-pastirma-i-serem","status":"publish","type":"product","link":"https:\/\/www.narrestaurant.pl\/en\/product\/paczanga-z-pastirma-i-serem\/","title":{"rendered":"Paczanga z past\u0131rm\u0105 i serem"},"content":{"rendered":"<p>Sma\u017cone ruloniki z ciasta filo nadziewane wo\u0142ow\u0105 past\u0131rm\u0105 i warzywami.<\/p>","protected":false},"excerpt":{"rendered":"<p>Sma\u017cone ruloniki z ciasta filo nadziewane wo\u0142ow\u0105 past\u0131rm\u0105 i warzywami.<\/p>","protected":false},"featured_media":23368,"template":"","meta":[],"product_cat":[214,227],"product_tag":[],"class_list":["post-22957","product","type-product","status-publish","has-post-thumbnail","hentry","product_cat-meze","product_cat-cieple-przystawki"],"_links":{"self":[{"href":"https:\/\/www.narrestaurant.pl\/en\/wp-json\/wp\/v2\/product\/22957","targetHints":{"allow":["GET"]}}],"collection":[{"href":"https:\/\/www.narrestaurant.pl\/en\/wp-json\/wp\/v2\/product"}],"about":[{"href":"https:\/\/www.narrestaurant.pl\/en\/wp-json\/wp\/v2\/types\/product"}],"wp:featuredmedia":[{"embeddable":true,"href":"https:\/\/www.narrestaurant.pl\/en\/wp-json\/wp\/v2\/media\/23368"}],"wp:attachment":[{"href":"https:\/\/www.narrestaurant.pl\/en\/wp-json\/wp\/v2\/media?parent=22957"}],"wp:term":[{"taxonomy":"product_cat","embeddable":true,"href":"https:\/\/www.narrestaurant.pl\/en\/wp-json\/wp\/v2\/product_cat?post=22957"},{"taxonomy":"product_tag","embeddable":true,"href":"https:\/\/www.narrestaurant.pl\/en\/wp-json\/wp\/v2\/product_tag?post=22957"}],"curies":[{"name":"wp","href":"https:\/\/api.w.org\/{rel}","templated":true}]}}