{"id":22958,"date":"2025-08-29T14:22:22","date_gmt":"2025-08-29T12:22:22","guid":{"rendered":"https:\/\/www.narrestaurant.pl\/?post_type=product&#038;p=22958"},"modified":"2025-12-29T14:09:25","modified_gmt":"2025-12-29T12:09:25","slug":"sarma","status":"publish","type":"product","link":"https:\/\/www.narrestaurant.pl\/en\/product\/sarma\/","title":{"rendered":"Sarma"},"content":{"rendered":"<p>Li\u015bcie winogron faszerowane ry\u017cem, zio\u0142ami i cebul\u0105, duszone w oliwie.<\/p>","protected":false},"excerpt":{"rendered":"<p>Li\u015bcie winogron faszerowane ry\u017cem, zio\u0142ami i cebul\u0105, duszone w oliwie.<\/p>","protected":false},"featured_media":23375,"template":"","meta":[],"product_cat":[214,226],"product_tag":[],"class_list":["post-22958","product","type-product","status-publish","has-post-thumbnail","hentry","product_cat-meze","product_cat-zimne-przystawki"],"_links":{"self":[{"href":"https:\/\/www.narrestaurant.pl\/en\/wp-json\/wp\/v2\/product\/22958","targetHints":{"allow":["GET"]}}],"collection":[{"href":"https:\/\/www.narrestaurant.pl\/en\/wp-json\/wp\/v2\/product"}],"about":[{"href":"https:\/\/www.narrestaurant.pl\/en\/wp-json\/wp\/v2\/types\/product"}],"wp:featuredmedia":[{"embeddable":true,"href":"https:\/\/www.narrestaurant.pl\/en\/wp-json\/wp\/v2\/media\/23375"}],"wp:attachment":[{"href":"https:\/\/www.narrestaurant.pl\/en\/wp-json\/wp\/v2\/media?parent=22958"}],"wp:term":[{"taxonomy":"product_cat","embeddable":true,"href":"https:\/\/www.narrestaurant.pl\/en\/wp-json\/wp\/v2\/product_cat?post=22958"},{"taxonomy":"product_tag","embeddable":true,"href":"https:\/\/www.narrestaurant.pl\/en\/wp-json\/wp\/v2\/product_tag?post=22958"}],"curies":[{"name":"wp","href":"https:\/\/api.w.org\/{rel}","templated":true}]}}