{"id":22960,"date":"2025-08-29T14:25:59","date_gmt":"2025-08-29T12:25:59","guid":{"rendered":"https:\/\/www.narrestaurant.pl\/?post_type=product&#038;p=22960"},"modified":"2025-12-29T14:11:20","modified_gmt":"2025-12-29T12:11:20","slug":"szakszuka","status":"publish","type":"product","link":"https:\/\/www.narrestaurant.pl\/en\/product\/szakszuka\/","title":{"rendered":"Szakszuka"},"content":{"rendered":"<p>Sma\u017cony bak\u0142a\u017can i zielona papryka z jogurtem czosnkowym i sosem pomidorowym.<\/p>","protected":false},"excerpt":{"rendered":"<p>Sma\u017cony bak\u0142a\u017can i zielona papryka z jogurtem czosnkowym i sosem pomidorowym.<\/p>","protected":false},"featured_media":23376,"template":"","meta":[],"product_cat":[214,226],"product_tag":[],"class_list":["post-22960","product","type-product","status-publish","has-post-thumbnail","hentry","product_cat-meze","product_cat-zimne-przystawki"],"_links":{"self":[{"href":"https:\/\/www.narrestaurant.pl\/en\/wp-json\/wp\/v2\/product\/22960","targetHints":{"allow":["GET"]}}],"collection":[{"href":"https:\/\/www.narrestaurant.pl\/en\/wp-json\/wp\/v2\/product"}],"about":[{"href":"https:\/\/www.narrestaurant.pl\/en\/wp-json\/wp\/v2\/types\/product"}],"wp:featuredmedia":[{"embeddable":true,"href":"https:\/\/www.narrestaurant.pl\/en\/wp-json\/wp\/v2\/media\/23376"}],"wp:attachment":[{"href":"https:\/\/www.narrestaurant.pl\/en\/wp-json\/wp\/v2\/media?parent=22960"}],"wp:term":[{"taxonomy":"product_cat","embeddable":true,"href":"https:\/\/www.narrestaurant.pl\/en\/wp-json\/wp\/v2\/product_cat?post=22960"},{"taxonomy":"product_tag","embeddable":true,"href":"https:\/\/www.narrestaurant.pl\/en\/wp-json\/wp\/v2\/product_tag?post=22960"}],"curies":[{"name":"wp","href":"https:\/\/api.w.org\/{rel}","templated":true}]}}