{"id":22961,"date":"2025-08-29T14:26:54","date_gmt":"2025-08-29T12:26:54","guid":{"rendered":"https:\/\/www.narrestaurant.pl\/?post_type=product&#038;p=22961"},"modified":"2025-12-29T14:20:05","modified_gmt":"2025-12-29T12:20:05","slug":"havuc-tarator","status":"publish","type":"product","link":"https:\/\/www.narrestaurant.pl\/en\/product\/havuc-tarator\/","title":{"rendered":"Havu\u00e7 Tarator"},"content":{"rendered":"<p>Tarator Marchewkowy &#8211; Meze z marchwi podsma\u017canej na oliwie, wymieszanej z orzechami w\u0142oskimi i jogurtem czosnkowym.<\/p>","protected":false},"excerpt":{"rendered":"<p>Tarator Marchewkowy &#8211; Meze z marchwi podsma\u017canej na oliwie, wymieszanej z orzechami w\u0142oskimi i jogurtem czosnkowym.<\/p>","protected":false},"featured_media":23379,"template":"","meta":[],"product_cat":[214,226],"product_tag":[],"class_list":["post-22961","product","type-product","status-publish","has-post-thumbnail","hentry","product_cat-meze","product_cat-zimne-przystawki"],"_links":{"self":[{"href":"https:\/\/www.narrestaurant.pl\/en\/wp-json\/wp\/v2\/product\/22961","targetHints":{"allow":["GET"]}}],"collection":[{"href":"https:\/\/www.narrestaurant.pl\/en\/wp-json\/wp\/v2\/product"}],"about":[{"href":"https:\/\/www.narrestaurant.pl\/en\/wp-json\/wp\/v2\/types\/product"}],"wp:featuredmedia":[{"embeddable":true,"href":"https:\/\/www.narrestaurant.pl\/en\/wp-json\/wp\/v2\/media\/23379"}],"wp:attachment":[{"href":"https:\/\/www.narrestaurant.pl\/en\/wp-json\/wp\/v2\/media?parent=22961"}],"wp:term":[{"taxonomy":"product_cat","embeddable":true,"href":"https:\/\/www.narrestaurant.pl\/en\/wp-json\/wp\/v2\/product_cat?post=22961"},{"taxonomy":"product_tag","embeddable":true,"href":"https:\/\/www.narrestaurant.pl\/en\/wp-json\/wp\/v2\/product_tag?post=22961"}],"curies":[{"name":"wp","href":"https:\/\/api.w.org\/{rel}","templated":true}]}}