{"id":22962,"date":"2025-08-29T14:28:14","date_gmt":"2025-08-29T12:28:14","guid":{"rendered":"https:\/\/www.narrestaurant.pl\/?post_type=product&#038;p=22962"},"modified":"2025-12-29T12:33:50","modified_gmt":"2025-12-29T10:33:50","slug":"haydari","status":"publish","type":"product","link":"https:\/\/www.narrestaurant.pl\/en\/product\/haydari\/","title":{"rendered":"Haydari"},"content":{"rendered":"<p>G\u0119sty jogurt czosnkowy z bia\u0142ym serem, polany pikantnym mas\u0142em.<\/p>","protected":false},"excerpt":{"rendered":"<p>G\u0119sty jogurt czosnkowy z bia\u0142ym serem, polany pikantnym mas\u0142em.<\/p>","protected":false},"featured_media":23357,"template":"","meta":[],"product_cat":[214,226],"product_tag":[],"class_list":["post-22962","product","type-product","status-publish","has-post-thumbnail","hentry","product_cat-meze","product_cat-zimne-przystawki"],"_links":{"self":[{"href":"https:\/\/www.narrestaurant.pl\/en\/wp-json\/wp\/v2\/product\/22962","targetHints":{"allow":["GET"]}}],"collection":[{"href":"https:\/\/www.narrestaurant.pl\/en\/wp-json\/wp\/v2\/product"}],"about":[{"href":"https:\/\/www.narrestaurant.pl\/en\/wp-json\/wp\/v2\/types\/product"}],"wp:featuredmedia":[{"embeddable":true,"href":"https:\/\/www.narrestaurant.pl\/en\/wp-json\/wp\/v2\/media\/23357"}],"wp:attachment":[{"href":"https:\/\/www.narrestaurant.pl\/en\/wp-json\/wp\/v2\/media?parent=22962"}],"wp:term":[{"taxonomy":"product_cat","embeddable":true,"href":"https:\/\/www.narrestaurant.pl\/en\/wp-json\/wp\/v2\/product_cat?post=22962"},{"taxonomy":"product_tag","embeddable":true,"href":"https:\/\/www.narrestaurant.pl\/en\/wp-json\/wp\/v2\/product_tag?post=22962"}],"curies":[{"name":"wp","href":"https:\/\/api.w.org\/{rel}","templated":true}]}}