{"id":22965,"date":"2025-08-29T14:30:56","date_gmt":"2025-08-29T12:30:56","guid":{"rendered":"https:\/\/www.narrestaurant.pl\/?post_type=product&#038;p=22965"},"modified":"2026-01-12T19:53:49","modified_gmt":"2026-01-12T17:53:49","slug":"zimna-przystawka-meze-wegetarianska","status":"publish","type":"product","link":"https:\/\/www.narrestaurant.pl\/en\/product\/zimna-przystawka-meze-wegetarianska\/","title":{"rendered":"Zimna przystawka meze (wegetaria\u0144ska)"},"content":{"rendered":"<p>Hummus, li\u015bcie winogron faszerowane, marynowane oliwki, muhammara, sa\u0142atka z burak\u00f3w.<\/p>","protected":false},"excerpt":{"rendered":"<p>Hummus, li\u015bcie winogron faszerowane, marynowane oliwki, muhammara, sa\u0142atka z burak\u00f3w.<\/p>","protected":false},"featured_media":0,"template":"","meta":[],"product_cat":[214,226],"product_tag":[],"class_list":["post-22965","product","type-product","status-publish","hentry","product_cat-meze","product_cat-zimne-przystawki"],"_links":{"self":[{"href":"https:\/\/www.narrestaurant.pl\/en\/wp-json\/wp\/v2\/product\/22965","targetHints":{"allow":["GET"]}}],"collection":[{"href":"https:\/\/www.narrestaurant.pl\/en\/wp-json\/wp\/v2\/product"}],"about":[{"href":"https:\/\/www.narrestaurant.pl\/en\/wp-json\/wp\/v2\/types\/product"}],"wp:attachment":[{"href":"https:\/\/www.narrestaurant.pl\/en\/wp-json\/wp\/v2\/media?parent=22965"}],"wp:term":[{"taxonomy":"product_cat","embeddable":true,"href":"https:\/\/www.narrestaurant.pl\/en\/wp-json\/wp\/v2\/product_cat?post=22965"},{"taxonomy":"product_tag","embeddable":true,"href":"https:\/\/www.narrestaurant.pl\/en\/wp-json\/wp\/v2\/product_tag?post=22965"}],"curies":[{"name":"wp","href":"https:\/\/api.w.org\/{rel}","templated":true}]}}