{"id":22979,"date":"2025-08-29T14:58:37","date_gmt":"2025-08-29T12:58:37","guid":{"rendered":"https:\/\/www.narrestaurant.pl\/?post_type=product&#038;p=22979"},"modified":"2025-09-01T14:56:56","modified_gmt":"2025-09-01T12:56:56","slug":"salatka-z-serem-halloumi","status":"publish","type":"product","link":"https:\/\/www.narrestaurant.pl\/en\/product\/salatka-z-serem-halloumi\/","title":{"rendered":"Sa\u0142atka z serem halloumi"},"content":{"rendered":"<p>Grillowany ser halloumi glazurowanym miodem, zielone sa\u0142aty, chrupi\u0105ce orzechy w\u0142oskie.<\/p>","protected":false},"excerpt":{"rendered":"<p>Grillowany ser halloumi glazurowanym miodem, zielone sa\u0142aty, chrupi\u0105ce orzechy w\u0142oskie.<\/p>","protected":false},"featured_media":23059,"template":"","meta":[],"product_cat":[215],"product_tag":[],"class_list":["post-22979","product","type-product","status-publish","has-post-thumbnail","hentry","product_cat-salaty"],"_links":{"self":[{"href":"https:\/\/www.narrestaurant.pl\/en\/wp-json\/wp\/v2\/product\/22979","targetHints":{"allow":["GET"]}}],"collection":[{"href":"https:\/\/www.narrestaurant.pl\/en\/wp-json\/wp\/v2\/product"}],"about":[{"href":"https:\/\/www.narrestaurant.pl\/en\/wp-json\/wp\/v2\/types\/product"}],"wp:featuredmedia":[{"embeddable":true,"href":"https:\/\/www.narrestaurant.pl\/en\/wp-json\/wp\/v2\/media\/23059"}],"wp:attachment":[{"href":"https:\/\/www.narrestaurant.pl\/en\/wp-json\/wp\/v2\/media?parent=22979"}],"wp:term":[{"taxonomy":"product_cat","embeddable":true,"href":"https:\/\/www.narrestaurant.pl\/en\/wp-json\/wp\/v2\/product_cat?post=22979"},{"taxonomy":"product_tag","embeddable":true,"href":"https:\/\/www.narrestaurant.pl\/en\/wp-json\/wp\/v2\/product_tag?post=22979"}],"curies":[{"name":"wp","href":"https:\/\/api.w.org\/{rel}","templated":true}]}}