{"id":22981,"date":"2025-08-29T14:59:21","date_gmt":"2025-08-29T12:59:21","guid":{"rendered":"https:\/\/www.narrestaurant.pl\/?post_type=product&#038;p=22981"},"modified":"2025-09-01T14:17:12","modified_gmt":"2025-09-01T12:17:12","slug":"salatka-z-grillowana-piersia-kurczaka","status":"publish","type":"product","link":"https:\/\/www.narrestaurant.pl\/en\/product\/salatka-z-grillowana-piersia-kurczaka\/","title":{"rendered":"Sa\u0142atka z grillowan\u0105 piersi\u0105 kurczaka"},"content":{"rendered":"<p>Zielone sa\u0142aty \u015br\u00f3dziemnomorskie, suszona \u017curawina, orzechy.<\/p>","protected":false},"excerpt":{"rendered":"<p>Zielone sa\u0142aty \u015br\u00f3dziemnomorskie, suszona \u017curawina, orzechy.<\/p>","protected":false},"featured_media":23039,"template":"","meta":[],"product_cat":[215],"product_tag":[],"class_list":["post-22981","product","type-product","status-publish","has-post-thumbnail","hentry","product_cat-salaty"],"_links":{"self":[{"href":"https:\/\/www.narrestaurant.pl\/en\/wp-json\/wp\/v2\/product\/22981","targetHints":{"allow":["GET"]}}],"collection":[{"href":"https:\/\/www.narrestaurant.pl\/en\/wp-json\/wp\/v2\/product"}],"about":[{"href":"https:\/\/www.narrestaurant.pl\/en\/wp-json\/wp\/v2\/types\/product"}],"wp:featuredmedia":[{"embeddable":true,"href":"https:\/\/www.narrestaurant.pl\/en\/wp-json\/wp\/v2\/media\/23039"}],"wp:attachment":[{"href":"https:\/\/www.narrestaurant.pl\/en\/wp-json\/wp\/v2\/media?parent=22981"}],"wp:term":[{"taxonomy":"product_cat","embeddable":true,"href":"https:\/\/www.narrestaurant.pl\/en\/wp-json\/wp\/v2\/product_cat?post=22981"},{"taxonomy":"product_tag","embeddable":true,"href":"https:\/\/www.narrestaurant.pl\/en\/wp-json\/wp\/v2\/product_tag?post=22981"}],"curies":[{"name":"wp","href":"https:\/\/api.w.org\/{rel}","templated":true}]}}