{"id":22982,"date":"2025-08-29T15:01:05","date_gmt":"2025-08-29T13:01:05","guid":{"rendered":"https:\/\/www.narrestaurant.pl\/?post_type=product&#038;p=22982"},"modified":"2025-09-01T14:21:04","modified_gmt":"2025-09-01T12:21:04","slug":"salatka-z-awokado-i-krewetkami","status":"publish","type":"product","link":"https:\/\/www.narrestaurant.pl\/en\/product\/salatka-z-awokado-i-krewetkami\/","title":{"rendered":"Sa\u0142atka z awokado i krewetkami"},"content":{"rendered":"<p>Zielone sa\u0142aty, koperek, grillowana papryka, czerwona cebula, pikle z og\u00f3rk\u00f3w korniszon\u00f3w.<\/p>","protected":false},"excerpt":{"rendered":"<p>Zielone sa\u0142aty, koperek, grillowana papryka, czerwona cebula, pikle z og\u00f3rk\u00f3w korniszon\u00f3w.<\/p>","protected":false},"featured_media":23040,"template":"","meta":[],"product_cat":[215],"product_tag":[],"class_list":["post-22982","product","type-product","status-publish","has-post-thumbnail","hentry","product_cat-salaty"],"_links":{"self":[{"href":"https:\/\/www.narrestaurant.pl\/en\/wp-json\/wp\/v2\/product\/22982","targetHints":{"allow":["GET"]}}],"collection":[{"href":"https:\/\/www.narrestaurant.pl\/en\/wp-json\/wp\/v2\/product"}],"about":[{"href":"https:\/\/www.narrestaurant.pl\/en\/wp-json\/wp\/v2\/types\/product"}],"wp:featuredmedia":[{"embeddable":true,"href":"https:\/\/www.narrestaurant.pl\/en\/wp-json\/wp\/v2\/media\/23040"}],"wp:attachment":[{"href":"https:\/\/www.narrestaurant.pl\/en\/wp-json\/wp\/v2\/media?parent=22982"}],"wp:term":[{"taxonomy":"product_cat","embeddable":true,"href":"https:\/\/www.narrestaurant.pl\/en\/wp-json\/wp\/v2\/product_cat?post=22982"},{"taxonomy":"product_tag","embeddable":true,"href":"https:\/\/www.narrestaurant.pl\/en\/wp-json\/wp\/v2\/product_tag?post=22982"}],"curies":[{"name":"wp","href":"https:\/\/api.w.org\/{rel}","templated":true}]}}