{"id":23002,"date":"2025-08-29T15:29:24","date_gmt":"2025-08-29T13:29:24","guid":{"rendered":"https:\/\/www.narrestaurant.pl\/?post_type=product&#038;p=23002"},"modified":"2025-12-29T13:55:39","modified_gmt":"2025-12-29T11:55:39","slug":"peynirli-pide","status":"publish","type":"product","link":"https:\/\/www.narrestaurant.pl\/en\/product\/peynirli-pide\/","title":{"rendered":"Peynirli Pide"},"content":{"rendered":"<p>Pide z bia\u0142ym serem i \u015bwie\u017cymi zio\u0142ami.<\/p>","protected":false},"excerpt":{"rendered":"<p>Pide z bia\u0142ym serem i \u015bwie\u017cymi zio\u0142ami.<\/p>","protected":false},"featured_media":23371,"template":"","meta":[],"product_cat":[222],"product_tag":[],"class_list":["post-23002","product","type-product","status-publish","has-post-thumbnail","hentry","product_cat-dania-z-pieca"],"_links":{"self":[{"href":"https:\/\/www.narrestaurant.pl\/en\/wp-json\/wp\/v2\/product\/23002","targetHints":{"allow":["GET"]}}],"collection":[{"href":"https:\/\/www.narrestaurant.pl\/en\/wp-json\/wp\/v2\/product"}],"about":[{"href":"https:\/\/www.narrestaurant.pl\/en\/wp-json\/wp\/v2\/types\/product"}],"wp:featuredmedia":[{"embeddable":true,"href":"https:\/\/www.narrestaurant.pl\/en\/wp-json\/wp\/v2\/media\/23371"}],"wp:attachment":[{"href":"https:\/\/www.narrestaurant.pl\/en\/wp-json\/wp\/v2\/media?parent=23002"}],"wp:term":[{"taxonomy":"product_cat","embeddable":true,"href":"https:\/\/www.narrestaurant.pl\/en\/wp-json\/wp\/v2\/product_cat?post=23002"},{"taxonomy":"product_tag","embeddable":true,"href":"https:\/\/www.narrestaurant.pl\/en\/wp-json\/wp\/v2\/product_tag?post=23002"}],"curies":[{"name":"wp","href":"https:\/\/api.w.org\/{rel}","templated":true}]}}