{"id":23008,"date":"2025-08-29T15:46:02","date_gmt":"2025-08-29T13:46:02","guid":{"rendered":"https:\/\/www.narrestaurant.pl\/?post_type=product&#038;p=23008"},"modified":"2025-12-29T13:40:19","modified_gmt":"2025-12-29T11:40:19","slug":"manti","status":"publish","type":"product","link":"https:\/\/www.narrestaurant.pl\/en\/product\/manti\/","title":{"rendered":"Mant\u0131"},"content":{"rendered":"<p>Tureckie piero\u017cki nadziewane mielonym mi\u0119sem, polane pikantnym roztopionym mas\u0142em i sosem pomidorowym. Podawane z chrupi\u0105cym ciastem w kszta\u0142cie zapa\u0142ek.<\/p>","protected":false},"excerpt":{"rendered":"<p>Tureckie piero\u017cki nadziewane mielonym mi\u0119sem, polane pikantnym roztopionym mas\u0142em i sosem pomidorowym. Podawane z chrupi\u0105cym ciastem w kszta\u0142cie zapa\u0142ek.<\/p>","protected":false},"featured_media":23366,"template":"","meta":[],"product_cat":[228],"product_tag":[],"class_list":["post-23008","product","type-product","status-publish","has-post-thumbnail","hentry","product_cat-dania-z-kuchni-i-zapiekane"],"_links":{"self":[{"href":"https:\/\/www.narrestaurant.pl\/en\/wp-json\/wp\/v2\/product\/23008","targetHints":{"allow":["GET"]}}],"collection":[{"href":"https:\/\/www.narrestaurant.pl\/en\/wp-json\/wp\/v2\/product"}],"about":[{"href":"https:\/\/www.narrestaurant.pl\/en\/wp-json\/wp\/v2\/types\/product"}],"wp:featuredmedia":[{"embeddable":true,"href":"https:\/\/www.narrestaurant.pl\/en\/wp-json\/wp\/v2\/media\/23366"}],"wp:attachment":[{"href":"https:\/\/www.narrestaurant.pl\/en\/wp-json\/wp\/v2\/media?parent=23008"}],"wp:term":[{"taxonomy":"product_cat","embeddable":true,"href":"https:\/\/www.narrestaurant.pl\/en\/wp-json\/wp\/v2\/product_cat?post=23008"},{"taxonomy":"product_tag","embeddable":true,"href":"https:\/\/www.narrestaurant.pl\/en\/wp-json\/wp\/v2\/product_tag?post=23008"}],"curies":[{"name":"wp","href":"https:\/\/api.w.org\/{rel}","templated":true}]}}