{"id":23009,"date":"2025-08-29T15:47:07","date_gmt":"2025-08-29T13:47:07","guid":{"rendered":"https:\/\/www.narrestaurant.pl\/?post_type=product&#038;p=23009"},"modified":"2025-12-29T12:40:32","modified_gmt":"2025-12-29T10:40:32","slug":"karides-tava","status":"publish","type":"product","link":"https:\/\/www.narrestaurant.pl\/en\/product\/karides-tava\/","title":{"rendered":"Karides Tava"},"content":{"rendered":"<p>Zapiekane krewetki z czosnkiem, pomidorkami koktajlowymi, zielon\u0105 papryk\u0105, posypane \u017c\u00f3\u0142tym serem.<\/p>","protected":false},"excerpt":{"rendered":"<p>Zapiekane krewetki z czosnkiem, pomidorkami koktajlowymi, zielon\u0105 papryk\u0105, posypane \u017c\u00f3\u0142tym serem.<\/p>","protected":false},"featured_media":23361,"template":"","meta":[],"product_cat":[228],"product_tag":[],"class_list":["post-23009","product","type-product","status-publish","has-post-thumbnail","hentry","product_cat-dania-z-kuchni-i-zapiekane"],"_links":{"self":[{"href":"https:\/\/www.narrestaurant.pl\/en\/wp-json\/wp\/v2\/product\/23009","targetHints":{"allow":["GET"]}}],"collection":[{"href":"https:\/\/www.narrestaurant.pl\/en\/wp-json\/wp\/v2\/product"}],"about":[{"href":"https:\/\/www.narrestaurant.pl\/en\/wp-json\/wp\/v2\/types\/product"}],"wp:featuredmedia":[{"embeddable":true,"href":"https:\/\/www.narrestaurant.pl\/en\/wp-json\/wp\/v2\/media\/23361"}],"wp:attachment":[{"href":"https:\/\/www.narrestaurant.pl\/en\/wp-json\/wp\/v2\/media?parent=23009"}],"wp:term":[{"taxonomy":"product_cat","embeddable":true,"href":"https:\/\/www.narrestaurant.pl\/en\/wp-json\/wp\/v2\/product_cat?post=23009"},{"taxonomy":"product_tag","embeddable":true,"href":"https:\/\/www.narrestaurant.pl\/en\/wp-json\/wp\/v2\/product_tag?post=23009"}],"curies":[{"name":"wp","href":"https:\/\/api.w.org\/{rel}","templated":true}]}}